{"id":314,"date":"2020-11-15T08:57:07","date_gmt":"2020-11-15T08:57:07","guid":{"rendered":"http:\/\/twoja-pralnia.pl-v2\/demo2\/?page_id=314"},"modified":"2023-10-18T08:39:26","modified_gmt":"2023-10-18T08:39:26","slug":"about-us","status":"publish","type":"page","link":"https:\/\/twoja-pralnia.pl\/index.php\/about-us\/","title":{"rendered":"O firmie"},"content":{"rendered":"\t\t<div data-elementor-type=\"wp-page\" data-elementor-id=\"314\" class=\"elementor elementor-314\">\n\t\t\t\t\t\t<section class=\"elementor-section elementor-top-section elementor-element elementor-element-b6ba602 elementor-section-full_width elementor-section-height-default elementor-section-height-default\" data-id=\"b6ba602\" data-element_type=\"section\">\n\t\t\t\t\t\t<div class=\"elementor-container elementor-column-gap-no\">\n\t\t\t\t\t<div class=\"elementor-column elementor-col-100 elementor-top-column elementor-element elementor-element-a5d03e8\" data-id=\"a5d03e8\" data-element_type=\"column\">\n\t\t\t<div class=\"elementor-widget-wrap elementor-element-populated\">\n\t\t\t\t\t\t<div class=\"elementor-element elementor-element-e18b2fe elementor-widget elementor-widget-laundry_about\" data-id=\"e18b2fe\" data-element_type=\"widget\" data-widget_type=\"laundry_about.default\">\n\t\t\t\t<div class=\"elementor-widget-container\">\n\t\t\t\t\t\t\t<div class=\"section-indent\">\n\t\t\t\t\t<div class=\"container container-fluid-lg\">\n\t\t\t\t\t\t<div class=\"layout01\">\n\t\t\t\t\t\t\t<div class=\"layout01__img\">\n\t\t\t\t\t\t\t\t<img width=\"138\" height=\"65\" src=\"https:\/\/twoja-pralnia.pl\/wp-content\/uploads\/2020\/11\/arrow-img-right.png\" class=\"tt-arrow\" alt=\"\" decoding=\"async\" \/>\t\t\t\t\t\t\t\t<div class=\"tt-img-main\">\n\t\t\t\t\t\t\t\t\t<img fetchpriority=\"high\" width=\"594\" height=\"493\" src=\"https:\/\/twoja-pralnia.pl\/wp-content\/uploads\/2020\/11\/layout01-img01.jpg\" class=\"attachment-full size-full\" alt=\"\" decoding=\"async\" srcset=\"https:\/\/twoja-pralnia.pl\/wp-content\/uploads\/2020\/11\/layout01-img01.jpg 594w, https:\/\/twoja-pralnia.pl\/wp-content\/uploads\/2020\/11\/layout01-img01-300x249.jpg 300w\" sizes=\"(max-width: 594px) 100vw, 594px\" \/>\t\t\t\t\t\t\t\t<\/div>\n\t\t\t\t\t\t\t\t<div class=\"tt-img-more left-bottom\">\n\t\t\t\t\t\t\t\t\t\t\t\t\t\t\t\t\t<\/div>\n\t\t\t\t\t\t\t<\/div>\n\t\t\t\t\t\t\t<div class=\"layout01__content\">\n\t\t\t\t\t\t\t\t<div class=\"layout01__content-wrapper\">\n\t\t\t\t\t\t\t\t\t<div class=\"title-block\">\n\t\t\t\t\t\t\t\t\t\t<div class=\"title-block__label\">\n\t\t\t\t\t\t\t\t\t\t\t\t\t\t\t\t\t\t\t\t\t<\/div>\n\t\t\t\t\t\t\t\t\t\t<h4 class=\"title-block__title\">Twoja pralnia wodna i chemiczna<\/h4>\n\t\t\t\t\t\t\t\t\t<\/div>\n\t\t\t\t\t\t\t\t\t<p><p>Przez ponad 25 lat zdobywali\u015bmy do\u015bwiadczenie w bran\u017cy prania, oferuj\u0105c naszym klientom najwy\u017csz\u0105 jako\u015b\u0107 us\u0142ug prania chemicznego i wodnego. Nasza historia jest opowie\u015bci\u0105 o nieustannej pasji do profesjonalizmu, innowacji i dba\u0142o\u015bci o ka\u017cdy detal. <\/p>\n<p>Od naszych skromnych pocz\u0105tk\u00f3w, ci\u0119\u017cko pracowali\u015bmy, aby zapewni\u0107 naszym klientom najwy\u017csze standardy obs\u0142ugi. Nauczyli\u015bmy si\u0119 rozumie\u0107 unikalne potrzeby ka\u017cdej tkaniny i dostosowa\u0107 nasze metody, aby osi\u0105gn\u0105\u0107 najbardziej efektywne rezultaty. Stale inwestujemy w najnowocze\u015bniejsze technologie prania, aby nasze us\u0142ugi by\u0142y zawsze na czele bran\u017cy. <\/p>\n\n<p>Nasza pralnia wodno-chemiczna jest wyposa\u017cona w najnowocze\u015bniejsze maszyny i najlepsze na rynku detergenty, kt\u00f3re gwarantuj\u0105 perfekcyjne efekty prania przy zachowaniu pe\u0142nego bezpiecze\u0144stwa dla Twoich ubra\u0144. Nasz zesp\u00f3\u0142 sk\u0142ada si\u0119 z do\u015bwiadczonych profesjonalist\u00f3w, kt\u00f3rzy z pasj\u0105 podchodz\u0105 do swojej pracy i s\u0105 zawsze gotowi sprosta\u0107 najwy\u017cszym oczekiwaniom klient\u00f3w.<\/p>\n\n<p>Przez ponad 25 lat s\u0142u\u017cyli\u015bmy naszej spo\u0142eczno\u015bci, dostarczaj\u0105c niezr\u00f3wnanej jako\u015bci us\u0142ugi prania, zawsze z u\u015bmiechem i gotowo\u015bci\u0105 do pomocy. To jeste\u015bmy my, Twoja zaufana pralnia chemiczna i pralnia wodna. Bez wzgl\u0119du na to, czy potrzebujesz profesjonalnego prania codziennych ubra\u0144, delikatnej tkaniny, czy prania i czyszczenia dywan\u00f3w, jeste\u015bmy tutaj, aby pom\u00f3c. <\/p>\n<p>Cieszymy si\u0119, \u017ce przez te lata mogli\u015bmy zdoby\u0107 zaufanie tak wielu klient\u00f3w i z rado\u015bci\u0105 patrzymy w przysz\u0142o\u015b\u0107, dalej rozwijaj\u0105c nasze us\u0142ugi i podnosz\u0105c standardy bran\u017cy pralniczej. Bez wzgl\u0119du na to, co przyniesie przysz\u0142o\u015b\u0107, jeste\u015bmy gotowi sprosta\u0107 jej z nasz\u0105 niez\u0142omn\u0105 pasj\u0105 do doskona\u0142o\u015bci i zaanga\u017cowania w najwy\u017cszej jako\u015bci obs\u0142ug\u0119 klienta. <\/p>\n<\/p>\n\t\t\t\t\t\t\t\t\n\t\t\t\t\t\t\t\t\t<ul class=\"tt-list01 tt-list01__top\">\n\t\t\t\t\t\t\t\t\t\t\t\t\t\t\t\t\t\t\t<\/ul>\n\t\t\t\t\t\t\t\t\t\n\t\t\t\t\t\t\t\t<\/div>\n\t\t\t\t\t\t\t<\/div>\n\t\t\t\t\t\t<\/div>\n\t\t\t\t\t\t<div class=\"box-value__wrapper row\" id=\"counter-js\">\n\t\t\t\t\t\t\t\t\t\t\t\t\t\t<div class=\"col-sm-6 col-xl-3\">\n\t\t\t\t\t\t\t\t<div class=\"box-value\">\n\t\t\t\t\t\t\t\t\t<div class=\"box-value__icon \"><\/div>\n\t\t\t\t\t\t\t\t\t<div class=\"box-value__content\">\n\t\t\t\t\t\t\t\t\t\t<div class=\"box-value__value\">\n\t\t\t\t\t\t\t\t\t\t\t<span class=\"tt-counter\" data-from=\"0\" data-to=\"50000\">0<\/span>+\t\t\t\t\t\t\t\t\t\t<\/div>\n\t\t\t\t\t\t\t\t\t\t<div class=\"box-value__label\">Shirts Washed <\/div>\n\t\t\t\t\t\t\t\t\t<\/div>\n\t\t\t\t\t\t\t\t<\/div>\n\t\t\t\t\t\t\t<\/div>\n\t\t\t\t\t\t\t\t\t\t\t\t\t\t<div class=\"col-sm-6 col-xl-3\">\n\t\t\t\t\t\t\t\t<div class=\"box-value\">\n\t\t\t\t\t\t\t\t\t<div class=\"box-value__icon \"><\/div>\n\t\t\t\t\t\t\t\t\t<div class=\"box-value__content\">\n\t\t\t\t\t\t\t\t\t\t<div class=\"box-value__value\">\n\t\t\t\t\t\t\t\t\t\t\t<span class=\"tt-counter\" data-from=\"0\" data-to=\"50000\">0<\/span>+\t\t\t\t\t\t\t\t\t\t<\/div>\n\t\t\t\t\t\t\t\t\t\t<div class=\"box-value__label\">Shirts Washed <\/div>\n\t\t\t\t\t\t\t\t\t<\/div>\n\t\t\t\t\t\t\t\t<\/div>\n\t\t\t\t\t\t\t<\/div>\n\t\t\t\t\t\t\t \t\t\t\t\t\t\n\t\t\t\t\t\t<\/div>\n\t\t\t\t\t<\/div>\n\t\t\t\t<\/div>\n\t\t\t\t\t<\/div>\n\t\t\t\t<\/div>\n\t\t\t\t\t<\/div>\n\t\t<\/div>\n\t\t\t\t\t<\/div>\n\t\t<\/section>\n\t\t\t\t<section class=\"elementor-section elementor-top-section elementor-element elementor-element-ed48dbb elementor-section-full_width elementor-section-height-default elementor-section-height-default\" data-id=\"ed48dbb\" data-element_type=\"section\">\n\t\t\t\t\t\t<div class=\"elementor-container elementor-column-gap-no\">\n\t\t\t\t\t<div class=\"elementor-column elementor-col-100 elementor-top-column elementor-element elementor-element-e97df73\" data-id=\"e97df73\" data-element_type=\"column\">\n\t\t\t<div class=\"elementor-widget-wrap elementor-element-populated\">\n\t\t\t\t\t\t<div class=\"elementor-element elementor-element-5659d6a elementor-widget elementor-widget-laundry_service_box_two\" data-id=\"5659d6a\" data-element_type=\"widget\" data-widget_type=\"laundry_service_box_two.default\">\n\t\t\t\t<div class=\"elementor-widget-container\">\n\t\t\t\t\t\t<div class=\"section-indent\">\n\t\t\t\t<div class=\"container-fluid no-gutters\">\n\t\t\t\t\t<div class=\"box02 box02__img-right\">\n\t\t\t\t\t\t<div class=\"box02__img\">\n\t\t\t\t\t\t<img width=\"944\" height=\"644\" src=\"https:\/\/twoja-pralnia.pl\/wp-content\/uploads\/2020\/11\/box02-img04.jpg\" class=\"attachment-full size-full\" alt=\"\" decoding=\"async\" srcset=\"https:\/\/twoja-pralnia.pl\/wp-content\/uploads\/2020\/11\/box02-img04.jpg 944w, https:\/\/twoja-pralnia.pl\/wp-content\/uploads\/2020\/11\/box02-img04-600x409.jpg 600w, https:\/\/twoja-pralnia.pl\/wp-content\/uploads\/2020\/11\/box02-img04-300x205.jpg 300w, https:\/\/twoja-pralnia.pl\/wp-content\/uploads\/2020\/11\/box02-img04-768x524.jpg 768w\" sizes=\"(max-width: 944px) 100vw, 944px\" \/>\t\t\t\t\t\t<img loading=\"lazy\" width=\"151\" height=\"42\" src=\"https:\/\/twoja-pralnia.pl\/wp-content\/uploads\/2020\/11\/arrow-img-left02.png\" class=\"tt-arrow\" alt=\"\" decoding=\"async\" \/>\t\t\t\t\t\t<\/div>\n\t\t\t\t\t\t<div class=\"box02__content box02__content-variant02 no-indent\">\n\t\t\t\t\t\t\t<div class=\"title-block\">\n\t\t\t\t\t\t\t\t<div class=\"title-block__label\">\n\t\t\t\t\t\t\t\tGwarancja zadowolenia\t\t\t\t\t\t\t\t<\/div>\n\t\t\t\t\t\t\t\t<h4 class=\"title-block__title\">\n\t\t\t\t\t\t\tTwoja satysfakcja to nasz priorytet.\t\t\t\t\t\t\t\t<\/h4>\n\t\t\t\t\t\t\t<\/div>\n\t\t\t\t\t\t\t<p>W naszej firmie wiemy, \u017ce Twoje ubrania s\u0105 nie tylko przedmiotami - one odzwierciedlaj\u0105 Twoj\u0105 osobowo\u015b\u0107, styl \u017cycia i, co najwa\u017cniejsze, s\u0105 inwestycj\u0105. Dlatego oferujemy najlepsz\u0105 gwarancj\u0119 w bran\u017cy.<\/p><p>Nasza gwarancja to gwarancja pe\u0142nej satysfakcji. Je\u017celi nie jeste\u015b w pe\u0142ni zadowolony z jako\u015bci naszych us\u0142ug, zrobimy wszystko, co w naszej mocy, aby to naprawi\u0107. Jeste\u015bmy zobowi\u0105zani do \u015bwiadczenia us\u0142ug najwy\u017cszej jako\u015bci i jeste\u015bmy dumni z zaufania, jakim obdarzaj\u0105 nas nasi klienci.<\/p><p>Nasza gwarancja obejmuje pe\u0142ne zadowolenie z us\u0142ug prania, prasowania i czyszczenia. Zobowi\u0105zujemy si\u0119 do indywidualnego podej\u015bcia do ka\u017cdego klienta i do ka\u017cdej sztuki odzie\u017cy. Wierzymy, \u017ce ka\u017cde ubranie, kt\u00f3re do nas trafia, zas\u0142uguje na najwy\u017csz\u0105 uwag\u0119 i trosk\u0119.<\/p><p>Ponadto, nasza gwarancja obejmuje r\u00f3wnie\u017c bezpiecze\u0144stwo i ochron\u0119 Twoich ubra\u0144. Wszystkie nasze pralnie s\u0105 wyposa\u017cone w zaawansowane systemy zabezpieczaj\u0105ce, kt\u00f3re zapewniaj\u0105, \u017ce Twoje ubrania s\u0105 bezpieczne i dobrze zabezpieczone podczas ca\u0142ego procesu prania.<\/p><p>Zale\u017cy nam na Twojej satysfakcji i jeste\u015bmy tutaj, aby zapewni\u0107 Ci najlepsze do\u015bwiadczenia z pralni\u0105. Nasza gwarancja to nasze zobowi\u0105zanie do doskona\u0142o\u015bci i dow\u00f3d naszego zaanga\u017cowania w zapewnienie najwy\u017cszej jako\u015bci us\u0142ug.<\/p><p>Twoja satysfakcja to nasz priorytet. To jest nasza gwarancja. To jest pow\u00f3d, dla kt\u00f3rego jeste\u015bmy najlepszym wyborem w bran\u017cy pralniczej.<\/p>\t\t\t\t\t\t\t\t\t\t\t\t\t\t\t<a href=\"#\" class=\"tt-btn tt-btn__top\" data-toggle=\"modal\" data-target=\"#modalMRequestQuote\">\n\t\t\t\t\t\t\t\t\t\t\t\t\t\t\t<span class=\"mask\"><\/span>\n\t\t\t\t\t\t\t\t<div class=\"button\"><\/div>\n\t\t\t\t\t\t\t<\/a>\n\t\t\t\t\t\t<\/div>\n\t\t\t\t\t<\/div>\n\t\t\t\t<\/div>\n\t\t\t<\/div>\n\t\t\t\t\t\t\t\t<\/div>\n\t\t\t\t<\/div>\n\t\t\t\t\t<\/div>\n\t\t<\/div>\n\t\t\t\t\t<\/div>\n\t\t<\/section>\n\t\t\t\t<section class=\"elementor-section elementor-top-section elementor-element elementor-element-409e381 elementor-section-full_width elementor-section-height-default elementor-section-height-default\" data-id=\"409e381\" data-element_type=\"section\">\n\t\t\t\t\t\t<div class=\"elementor-container elementor-column-gap-no\">\n\t\t\t\t\t<div class=\"elementor-column elementor-col-100 elementor-top-column elementor-element elementor-element-26495ad\" data-id=\"26495ad\" data-element_type=\"column\">\n\t\t\t<div class=\"elementor-widget-wrap\">\n\t\t\t\t\t\t\t<\/div>\n\t\t<\/div>\n\t\t\t\t\t<\/div>\n\t\t<\/section>\n\t\t\t\t<section class=\"elementor-section elementor-top-section elementor-element elementor-element-c4f87ed elementor-section-full_width elementor-section-height-default elementor-section-height-default\" data-id=\"c4f87ed\" data-element_type=\"section\">\n\t\t\t\t\t\t<div class=\"elementor-container elementor-column-gap-no\">\n\t\t\t\t\t<div class=\"elementor-column elementor-col-100 elementor-top-column elementor-element elementor-element-d36831c\" data-id=\"d36831c\" data-element_type=\"column\">\n\t\t\t<div class=\"elementor-widget-wrap elementor-element-populated\">\n\t\t\t\t\t\t<div class=\"elementor-element elementor-element-55f9448 elementor-widget elementor-widget-laundry_service_box_two\" data-id=\"55f9448\" data-element_type=\"widget\" data-widget_type=\"laundry_service_box_two.default\">\n\t\t\t\t<div class=\"elementor-widget-container\">\n\t\t\t \n\t\t\t<div class=\"section-indent\">\n\t\t\t\t<div class=\"box02 box02__img-left\">\n\t\t\t\t\t<div class=\"box02__img\">\n\t\t\t\t\t\t\t\t\t\t\t\t<img decoding=\"async\" src=\"data:image\/gif;base64,R0lGODlhAQABAAAAACH5BAEKAAEALAAAAAABAAEAAAICTAEAOw==\" class=\"lazyload\" data-src=\"https:\/\/twoja-pralnia.pl\/wp-content\/uploads\/2023\/10\/nasza-historia.jpg\" alt=\"\">\n\t\t\t\t\t\t\t\t\t\t\t\t<img loading=\"lazy\" width=\"141\" height=\"58\" src=\"https:\/\/twoja-pralnia.pl\/wp-content\/uploads\/2020\/11\/arrow-img-right03.png\" class=\"tt-arrow\" alt=\"\" decoding=\"async\" \/>\t\t\t\t\t<\/div>\n\t\t\t\t\t<div class=\"box02__content\">\n\t\t\t\t\t\t<div class=\"title-block\">\n\t\t\t\t\t\t\t<div class=\"title-block__label\">\n\t\t\t\t\t\t\t\tNasza Historia\t\t\t\t\t\t\t<\/div>\n\t\t\t\t\t\t\t<h4 class=\"title-block__title\">Nasza historia<\/h4>\n\t\t\t\t\t\t<\/div>\n\t\t\t\t\t\t\t<p>Za\u0142o\u017cenie pralni wodno-chemicznej to proces, kt\u00f3ry w naszym przypadku zrodzi\u0142 si\u0119 z do\u015bwiadczenia zdobytego podczas prowadzenia pralni dywan\u00f3w. Historia tej ewolucji jest ciekawym \u015bwiadectwem adaptacji do zmieniaj\u0105cych si\u0119 potrzeb rynku oraz zdobywania wiedzy poprzez praktyk\u0119.<\/p><p><br \/><strong>Poszerzanie oferty<br \/><\/strong><br \/>Z biegiem czasu zauwa\u017cyli\u015bmy, \u017ce nasza wiedza i umiej\u0119tno\u015bci mog\u0105 by\u0107 wykorzystane nie tylko w czyszczeniu dywan\u00f3w. Klienci zacz\u0119li pyta\u0107, czy nie zajmujemy si\u0119 tak\u017ce praniem innych tkanin, takich jak ubrania czy zas\u0142ony. Sta\u0142o si\u0119 jasne, \u017ce jest zapotrzebowanie na szeroko zakrojone us\u0142ugi prania wodno-chemicznego, kt\u00f3re by\u0142yby w stanie zadba\u0107 o r\u00f3\u017cnorodne materia\u0142y w spos\u00f3b profesjonalny i delikatny. W odpowiedzi na te potrzeby zainwestowali\u015bmy w nowoczesne maszyny, najwy\u017cszej jako\u015bci \u015brodki pior\u0105ce oraz szkolenia pracownik\u00f3w.<\/p><p><br \/><strong>Sukces dzi\u0119ki do\u015bwiadczeniu<\/strong><br \/><br \/>To, co wyr\u00f3\u017cnia\u0142o nas na rynku, to nasze do\u015bwiadczenie i umiej\u0119tno\u015b\u0107 dostosowywania si\u0119 do potrzeb klienta. Zdobyta wiedza i do\u015bwiadczenie pozwoli\u0142y nam zrozumie\u0107, jak wa\u017cne jest indywidualne podej\u015bcie do ka\u017cdego zlecenia. Dowiedzieli\u015bmy si\u0119, \u017ce ka\u017cdy materia\u0142 wymaga innej metody czyszczenia, a ka\u017cdy klient ma swoje unikalne oczekiwania.<br \/>Podsumowuj\u0105c, historia powstania naszej pralni wodno-chemicznej jest dowodem na to, \u017ce praktyczne do\u015bwiadczenie zdobyte w jednej dziedzinie mo\u017ce sta\u0107 si\u0119 fundamentem sukcesu w innej. To dzi\u0119ki naszym pocz\u0105tkom jeste\u015bmy w stanie zrozumie\u0107 rynek i dostarczy\u0107 us\u0142ugi na najwy\u017cszym poziomie.<\/p>\t\t\t\t\t\t<div class=\"box02-list-col\"><\/div>\n\t\t\t\t\t<\/div>\n\t\t\t\t<\/div>\n\t\t\t<\/div> \n\t\t\t\t\t\t\t\t<\/div>\n\t\t\t\t<\/div>\n\t\t\t\t\t<\/div>\n\t\t<\/div>\n\t\t\t\t\t<\/div>\n\t\t<\/section>\n\t\t\t\t<\/div>\n\t\t","protected":false},"excerpt":{"rendered":"<p>Twoja pralnia wodna i chemiczna Przez ponad 25 lat zdobywali\u015bmy do\u015bwiadczenie w bran\u017cy prania, oferuj\u0105c naszym klientom najwy\u017csz\u0105 jako\u015b\u0107 us\u0142ug prania chemicznego i wodnego. Nasza historia jest opowie\u015bci\u0105 o nieustannej pasji do profesjonalizmu, innowacji i dba\u0142o\u015bci o ka\u017cdy detal. Od naszych skromnych pocz\u0105tk\u00f3w, ci\u0119\u017cko pracowali\u015bmy, aby zapewni\u0107 naszym klientom najwy\u017csze standardy obs\u0142ugi. Nauczyli\u015bmy si\u0119 rozumie\u0107 [&hellip;]<\/p>\n","protected":false},"author":1,"featured_media":0,"parent":0,"menu_order":0,"comment_status":"closed","ping_status":"closed","template":"","meta":[],"yoast_head":"<!-- This site is optimized with the Yoast SEO plugin v21.3 - https:\/\/yoast.com\/wordpress\/plugins\/seo\/ -->\n<title>O firmie - Twoja pralnia<\/title>\n<meta name=\"robots\" content=\"index, follow, max-snippet:-1, max-image-preview:large, max-video-preview:-1\" \/>\n<link rel=\"canonical\" href=\"https:\/\/twoja-pralnia.pl\/index.php\/about-us\/\" \/>\n<meta property=\"og:locale\" content=\"pl_PL\" \/>\n<meta property=\"og:type\" content=\"article\" \/>\n<meta property=\"og:title\" content=\"O firmie - Twoja pralnia\" \/>\n<meta property=\"og:description\" content=\"Twoja pralnia wodna i chemiczna Przez ponad 25 lat zdobywali\u015bmy do\u015bwiadczenie w bran\u017cy prania, oferuj\u0105c naszym klientom najwy\u017csz\u0105 jako\u015b\u0107 us\u0142ug prania chemicznego i wodnego. Nasza historia jest opowie\u015bci\u0105 o nieustannej pasji do profesjonalizmu, innowacji i dba\u0142o\u015bci o ka\u017cdy detal. Od naszych skromnych pocz\u0105tk\u00f3w, ci\u0119\u017cko pracowali\u015bmy, aby zapewni\u0107 naszym klientom najwy\u017csze standardy obs\u0142ugi. Nauczyli\u015bmy si\u0119 rozumie\u0107 [&hellip;]\" \/>\n<meta property=\"og:url\" content=\"https:\/\/twoja-pralnia.pl\/index.php\/about-us\/\" \/>\n<meta property=\"og:site_name\" content=\"Twoja pralnia\" \/>\n<meta property=\"article:modified_time\" content=\"2023-10-18T08:39:26+00:00\" \/>\n<meta property=\"og:image\" content=\"http:\/\/twoja-pralnia.pl\/wp-content\/uploads\/2020\/11\/arrow-img-right.png\" \/>\n<meta name=\"twitter:card\" content=\"summary_large_image\" \/>\n<meta name=\"twitter:label1\" content=\"Szacowany czas czytania\" \/>\n\t<meta name=\"twitter:data1\" content=\"9 minut\" \/>\n<script type=\"application\/ld+json\" class=\"yoast-schema-graph\">{\"@context\":\"https:\/\/schema.org\",\"@graph\":[{\"@type\":\"WebPage\",\"@id\":\"https:\/\/twoja-pralnia.pl\/index.php\/about-us\/\",\"url\":\"https:\/\/twoja-pralnia.pl\/index.php\/about-us\/\",\"name\":\"O firmie - Twoja pralnia\",\"isPartOf\":{\"@id\":\"https:\/\/twoja-pralnia.pl\/#website\"},\"datePublished\":\"2020-11-15T08:57:07+00:00\",\"dateModified\":\"2023-10-18T08:39:26+00:00\",\"breadcrumb\":{\"@id\":\"https:\/\/twoja-pralnia.pl\/index.php\/about-us\/#breadcrumb\"},\"inLanguage\":\"pl-PL\",\"potentialAction\":[{\"@type\":\"ReadAction\",\"target\":[\"https:\/\/twoja-pralnia.pl\/index.php\/about-us\/\"]}]},{\"@type\":\"BreadcrumbList\",\"@id\":\"https:\/\/twoja-pralnia.pl\/index.php\/about-us\/#breadcrumb\",\"itemListElement\":[{\"@type\":\"ListItem\",\"position\":1,\"name\":\"Home\",\"item\":\"https:\/\/twoja-pralnia.pl\/\"},{\"@type\":\"ListItem\",\"position\":2,\"name\":\"O firmie\"}]},{\"@type\":\"WebSite\",\"@id\":\"https:\/\/twoja-pralnia.pl\/#website\",\"url\":\"https:\/\/twoja-pralnia.pl\/\",\"name\":\"Twoja pralnia\",\"description\":\"\",\"potentialAction\":[{\"@type\":\"SearchAction\",\"target\":{\"@type\":\"EntryPoint\",\"urlTemplate\":\"https:\/\/twoja-pralnia.pl\/?s={search_term_string}\"},\"query-input\":\"required name=search_term_string\"}],\"inLanguage\":\"pl-PL\"}]}<\/script>\n<!-- \/ Yoast SEO plugin. -->","yoast_head_json":{"title":"O firmie - Twoja pralnia","robots":{"index":"index","follow":"follow","max-snippet":"max-snippet:-1","max-image-preview":"max-image-preview:large","max-video-preview":"max-video-preview:-1"},"canonical":"https:\/\/twoja-pralnia.pl\/index.php\/about-us\/","og_locale":"pl_PL","og_type":"article","og_title":"O firmie - Twoja pralnia","og_description":"Twoja pralnia wodna i chemiczna Przez ponad 25 lat zdobywali\u015bmy do\u015bwiadczenie w bran\u017cy prania, oferuj\u0105c naszym klientom najwy\u017csz\u0105 jako\u015b\u0107 us\u0142ug prania chemicznego i wodnego. Nasza historia jest opowie\u015bci\u0105 o nieustannej pasji do profesjonalizmu, innowacji i dba\u0142o\u015bci o ka\u017cdy detal. Od naszych skromnych pocz\u0105tk\u00f3w, ci\u0119\u017cko pracowali\u015bmy, aby zapewni\u0107 naszym klientom najwy\u017csze standardy obs\u0142ugi. Nauczyli\u015bmy si\u0119 rozumie\u0107 [&hellip;]","og_url":"https:\/\/twoja-pralnia.pl\/index.php\/about-us\/","og_site_name":"Twoja pralnia","article_modified_time":"2023-10-18T08:39:26+00:00","og_image":[{"url":"http:\/\/twoja-pralnia.pl\/wp-content\/uploads\/2020\/11\/arrow-img-right.png"}],"twitter_card":"summary_large_image","twitter_misc":{"Szacowany czas czytania":"9 minut"},"schema":{"@context":"https:\/\/schema.org","@graph":[{"@type":"WebPage","@id":"https:\/\/twoja-pralnia.pl\/index.php\/about-us\/","url":"https:\/\/twoja-pralnia.pl\/index.php\/about-us\/","name":"O firmie - Twoja pralnia","isPartOf":{"@id":"https:\/\/twoja-pralnia.pl\/#website"},"datePublished":"2020-11-15T08:57:07+00:00","dateModified":"2023-10-18T08:39:26+00:00","breadcrumb":{"@id":"https:\/\/twoja-pralnia.pl\/index.php\/about-us\/#breadcrumb"},"inLanguage":"pl-PL","potentialAction":[{"@type":"ReadAction","target":["https:\/\/twoja-pralnia.pl\/index.php\/about-us\/"]}]},{"@type":"BreadcrumbList","@id":"https:\/\/twoja-pralnia.pl\/index.php\/about-us\/#breadcrumb","itemListElement":[{"@type":"ListItem","position":1,"name":"Home","item":"https:\/\/twoja-pralnia.pl\/"},{"@type":"ListItem","position":2,"name":"O firmie"}]},{"@type":"WebSite","@id":"https:\/\/twoja-pralnia.pl\/#website","url":"https:\/\/twoja-pralnia.pl\/","name":"Twoja pralnia","description":"","potentialAction":[{"@type":"SearchAction","target":{"@type":"EntryPoint","urlTemplate":"https:\/\/twoja-pralnia.pl\/?s={search_term_string}"},"query-input":"required name=search_term_string"}],"inLanguage":"pl-PL"}]}},"_links":{"self":[{"href":"https:\/\/twoja-pralnia.pl\/index.php\/wp-json\/wp\/v2\/pages\/314"}],"collection":[{"href":"https:\/\/twoja-pralnia.pl\/index.php\/wp-json\/wp\/v2\/pages"}],"about":[{"href":"https:\/\/twoja-pralnia.pl\/index.php\/wp-json\/wp\/v2\/types\/page"}],"author":[{"embeddable":true,"href":"https:\/\/twoja-pralnia.pl\/index.php\/wp-json\/wp\/v2\/users\/1"}],"replies":[{"embeddable":true,"href":"https:\/\/twoja-pralnia.pl\/index.php\/wp-json\/wp\/v2\/comments?post=314"}],"version-history":[{"count":76,"href":"https:\/\/twoja-pralnia.pl\/index.php\/wp-json\/wp\/v2\/pages\/314\/revisions"}],"predecessor-version":[{"id":2279,"href":"https:\/\/twoja-pralnia.pl\/index.php\/wp-json\/wp\/v2\/pages\/314\/revisions\/2279"}],"wp:attachment":[{"href":"https:\/\/twoja-pralnia.pl\/index.php\/wp-json\/wp\/v2\/media?parent=314"}],"curies":[{"name":"wp","href":"https:\/\/api.w.org\/{rel}","templated":true}]}}