{"id":503,"date":"2020-11-15T12:15:14","date_gmt":"2020-11-15T12:15:14","guid":{"rendered":"http:\/\/twoja-pralnia.pl-v2\/demo2\/?page_id=503"},"modified":"2023-10-10T09:58:55","modified_gmt":"2023-10-10T09:58:55","slug":"services","status":"publish","type":"page","link":"https:\/\/twoja-pralnia.pl\/index.php\/services\/","title":{"rendered":"Oferta"},"content":{"rendered":"\t\t<div data-elementor-type=\"wp-page\" data-elementor-id=\"503\" class=\"elementor elementor-503\">\n\t\t\t\t\t\t<section class=\"elementor-section elementor-top-section elementor-element elementor-element-7abb56f elementor-section-full_width elementor-section-height-default elementor-section-height-default\" data-id=\"7abb56f\" data-element_type=\"section\">\n\t\t\t\t\t\t<div class=\"elementor-container elementor-column-gap-no\">\n\t\t\t\t\t<div class=\"elementor-column elementor-col-100 elementor-top-column elementor-element elementor-element-3cce982\" data-id=\"3cce982\" data-element_type=\"column\">\n\t\t\t<div class=\"elementor-widget-wrap elementor-element-populated\">\n\t\t\t\t\t\t<div class=\"elementor-element elementor-element-5601bc2 elementor-widget elementor-widget-laundry_service_box_carousel\" data-id=\"5601bc2\" data-element_type=\"widget\" data-widget_type=\"laundry_service_box_carousel.default\">\n\t\t\t\t<div class=\"elementor-widget-container\">\n\t\t\t\t\t\t<div class=\"section-indent\">\n\t\t\t\t<div class=\"container container-fluid-lg\">\n\t\t\t\t\t<div class=\"title-block text-center\">\n\t\t\t\t\t\t<div class=\"title-block__label\">\n\t\t\t\t\t\t\tNasze us\u0142ugi\t\t\t\t\t\t<\/div>\n\t\t\t\t\t\t<h4 class=\"title-block__title\">\n\t\t\t\t\t\tUs\u0142ugi znajuj\u0105ce si\u0119 w ofercie naszej firmy\t\t\t\t\t\t<\/h4>\n\t\t\t\t\t<\/div>\n\t\t\t\t\t<div class=\"row img-box__wrapper\">\n\t\t\t\t\t\t\t\t\t\t\t\t<div class=\"col-custom-450 col-6 col-md-4\">\n\t\t\t\t\t\t\t<div class=\"img-box \">\n\t\t\t\t\t\t\t\t<div class=\"img-box__img\">\n\t\t\t\t\t\t\t\t\t<a href=\"http:\/\/twoja-pralnia.pl\/index.php\/laundry-helper\/uslugi-prania-wodnego\/\">\n\t\t\t\t\t\t\t\t\t<img fetchpriority=\"high\" width=\"369\" height=\"320\" src=\"https:\/\/twoja-pralnia.pl\/wp-content\/uploads\/2020\/11\/img07.jpg\" class=\"attachment-full size-full\" alt=\"\" decoding=\"async\" srcset=\"https:\/\/twoja-pralnia.pl\/wp-content\/uploads\/2020\/11\/img07.jpg 369w, https:\/\/twoja-pralnia.pl\/wp-content\/uploads\/2020\/11\/img07-300x260.jpg 300w\" sizes=\"(max-width: 369px) 100vw, 369px\" \/>\t\t\t\t\t\t\t\t\t<\/a>\n\t\t\t\t\t\t\t\t\t<div class=\"img-box__label \">\n\t\t\t\t\t\t\t\t\t<i aria-hidden=\"true\" class=\" icons-technology\"><\/i>\t\t\t\t\t\t\t\t\t<\/div>\n\t\t\t\t\t\t\t\t<\/div>\n\t\t\t\t\t\t\t\t<a href=\"http:\/\/twoja-pralnia.pl\/index.php\/laundry-helper\/uslugi-prania-wodnego\/\" class=\"img-box__title\">Us\u0142ugi pralni wodnej<\/a>\n\t\t\t\t\t\t\t\t<p>\n\t\t\t\t\t\t\t\tSkup si\u0119 na tym, co naprawd\u0119 wa\u017cne, a my zajmiemy si\u0119 reszt\u0105. Odebranie brudnego prania, sortowanie, przygotowanie plam, pranie, suszenie, sk\u0142adanie i dostarczenie z powrotem do Ciebie - to wszystko jest na naszej li\u015bcie\t\t\t\t\t\t\t\t<\/p>\n\t\t\t\t\t\t\t\t<a href=\"http:\/\/twoja-pralnia.pl\/index.php\/laundry-helper\/uslugi-prania-wodnego\/\" class=\"tt-btn\"><span class=\"mask\">Czytaj wi\u0119cej<\/span><div class=\"button\">Czytaj wi\u0119cej<\/div><\/a>\n\t\t\t\t\t\t\t<\/div>\n\t\t\t\t\t\t<\/div>\n\t\t\t\t\t\t\t\t\t\t\t\t<div class=\"col-custom-450 col-6 col-md-4\">\n\t\t\t\t\t\t\t<div class=\"img-box \">\n\t\t\t\t\t\t\t\t<div class=\"img-box__img\">\n\t\t\t\t\t\t\t\t\t<a href=\"http:\/\/twoja-pralnia.pl\/index.php\/laundry-helper\/uslugi-pralni-chemicznej\/\">\n\t\t\t\t\t\t\t\t\t<img width=\"369\" height=\"320\" src=\"https:\/\/twoja-pralnia.pl\/wp-content\/uploads\/2020\/11\/img08.jpg\" class=\"attachment-full size-full\" alt=\"\" decoding=\"async\" srcset=\"https:\/\/twoja-pralnia.pl\/wp-content\/uploads\/2020\/11\/img08.jpg 369w, https:\/\/twoja-pralnia.pl\/wp-content\/uploads\/2020\/11\/img08-300x260.jpg 300w\" sizes=\"(max-width: 369px) 100vw, 369px\" \/>\t\t\t\t\t\t\t\t\t<\/a>\n\t\t\t\t\t\t\t\t\t<div class=\"img-box__label \">\n\t\t\t\t\t\t\t\t\t<i aria-hidden=\"true\" class=\" icons-hanger-with-clothes\"><\/i>\t\t\t\t\t\t\t\t\t<\/div>\n\t\t\t\t\t\t\t\t<\/div>\n\t\t\t\t\t\t\t\t<a href=\"http:\/\/twoja-pralnia.pl\/index.php\/laundry-helper\/uslugi-pralni-chemicznej\/\" class=\"img-box__title\">Us\u0142ugi pralni chemicznej<\/a>\n\t\t\t\t\t\t\t\t<p>\n\t\t\t\t\t\t\t\tNasze us\u0142ugi prania chemicznego gwarantuj\u0105 g\u0142\u0119bokie czyszczenie, od\u015bwie\u017canie kolor\u00f3w i ochron\u0119 Twoich najbardziej delikatnych tkanin. Oferujemy profesjonalizm i dba\u0142o\u015b\u0107 o szczeg\u00f3\u0142y.\t\t\t\t\t\t\t\t<\/p>\n\t\t\t\t\t\t\t\t<a href=\"http:\/\/twoja-pralnia.pl\/index.php\/laundry-helper\/uslugi-pralni-chemicznej\/\" class=\"tt-btn\"><span class=\"mask\">Czytaj wi\u0119cej<\/span><div class=\"button\">Czytaj wi\u0119cej<\/div><\/a>\n\t\t\t\t\t\t\t<\/div>\n\t\t\t\t\t\t<\/div>\n\t\t\t\t\t\t\t\t\t\t\t\t<div class=\"col-custom-450 col-6 col-md-4\">\n\t\t\t\t\t\t\t<div class=\"img-box \">\n\t\t\t\t\t\t\t\t<div class=\"img-box__img\">\n\t\t\t\t\t\t\t\t\t<a href=\"http:\/\/twoja-pralnia.pl\/index.php\/laundry-helper\/automatyczne-pranie-dywanow\/\">\n\t\t\t\t\t\t\t\t\t<img width=\"600\" height=\"520\" src=\"https:\/\/twoja-pralnia.pl\/wp-content\/uploads\/2020\/11\/imgbox-inner__img01.jpg\" class=\"attachment-full size-full\" alt=\"\" decoding=\"async\" srcset=\"https:\/\/twoja-pralnia.pl\/wp-content\/uploads\/2020\/11\/imgbox-inner__img01.jpg 600w, https:\/\/twoja-pralnia.pl\/wp-content\/uploads\/2020\/11\/imgbox-inner__img01-300x260.jpg 300w\" sizes=\"(max-width: 600px) 100vw, 600px\" \/>\t\t\t\t\t\t\t\t\t<\/a>\n\t\t\t\t\t\t\t\t\t<div class=\"img-box__label \">\n\t\t\t\t\t\t\t\t\t<i aria-hidden=\"true\" class=\" icons-pilesos\"><\/i>\t\t\t\t\t\t\t\t\t<\/div>\n\t\t\t\t\t\t\t\t<\/div>\n\t\t\t\t\t\t\t\t<a href=\"http:\/\/twoja-pralnia.pl\/index.php\/laundry-helper\/automatyczne-pranie-dywanow\/\" class=\"img-box__title\">Automatyczne pranie dywan\u00f3w<\/a>\n\t\t\t\t\t\t\t\t<p>\n\t\t\t\t\t\t\t\tJako cz\u0119\u015b\u0107 renomowanej grupy ZamowPranie.pl, oferujemy profesjonalne us\u0142ugi prania dywan\u00f3w. Zaufaj do\u015bwiadczeniu i dbaj o czysto\u015b\u0107 swoich dywan\u00f3w z nami.\t\t\t\t\t\t\t\t<\/p>\n\t\t\t\t\t\t\t\t<a href=\"http:\/\/twoja-pralnia.pl\/index.php\/laundry-helper\/automatyczne-pranie-dywanow\/\" class=\"tt-btn\"><span class=\"mask\">Czytaj wi\u0119cej<\/span><div class=\"button\">Czytaj wi\u0119cej<\/div><\/a>\n\t\t\t\t\t\t\t<\/div>\n\t\t\t\t\t\t<\/div>\n\t\t\t\t\t\t\t\t\t\t\t\t<div class=\"col-custom-450 col-6 col-md-4\">\n\t\t\t\t\t\t\t<div class=\"img-box \">\n\t\t\t\t\t\t\t\t<div class=\"img-box__img\">\n\t\t\t\t\t\t\t\t\t<a href=\"http:\/\/twoja-pralnia.pl\/index.php\/laundry-helper\/naprawa-ubran-roboczych\/\">\n\t\t\t\t\t\t\t\t\t<img loading=\"lazy\" width=\"369\" height=\"320\" src=\"https:\/\/twoja-pralnia.pl\/wp-content\/uploads\/2020\/11\/img10.jpg\" class=\"attachment-full size-full\" alt=\"\" decoding=\"async\" srcset=\"https:\/\/twoja-pralnia.pl\/wp-content\/uploads\/2020\/11\/img10.jpg 369w, https:\/\/twoja-pralnia.pl\/wp-content\/uploads\/2020\/11\/img10-300x260.jpg 300w\" sizes=\"(max-width: 369px) 100vw, 369px\" \/>\t\t\t\t\t\t\t\t\t<\/a>\n\t\t\t\t\t\t\t\t\t<div class=\"img-box__label \">\n\t\t\t\t\t\t\t\t\t<i aria-hidden=\"true\" class=\" icons-sewing-machine\"><\/i>\t\t\t\t\t\t\t\t\t<\/div>\n\t\t\t\t\t\t\t\t<\/div>\n\t\t\t\t\t\t\t\t<a href=\"http:\/\/twoja-pralnia.pl\/index.php\/laundry-helper\/naprawa-ubran-roboczych\/\" class=\"img-box__title\">Naprawa ubra\u0144 roboczych<\/a>\n\t\t\t\t\t\t\t\t<p>\n\t\t\t\t\t\t\t\tRozumiemy warto\u015b\u0107 Twojego ekwipunku roboczego. Nasz zesp\u00f3\u0142 ekspert\u00f3w specjalizuje si\u0119 w naprawie ubra\u0144 roboczych, gwarantuj\u0105c ich czysto\u015b\u0107 i trwa\u0142o\u015b\u0107.\t\t\t\t\t\t\t\t<\/p>\n\t\t\t\t\t\t\t\t<a href=\"http:\/\/twoja-pralnia.pl\/index.php\/laundry-helper\/naprawa-ubran-roboczych\/\" class=\"tt-btn\"><span class=\"mask\">Czytaj wi\u0119cej<\/span><div class=\"button\">Czytaj wi\u0119cej<\/div><\/a>\n\t\t\t\t\t\t\t<\/div>\n\t\t\t\t\t\t<\/div>\n\t\t\t\t\t\t\t\t\t\t\t\t<div class=\"col-custom-450 col-6 col-md-4\">\n\t\t\t\t\t\t\t<div class=\"img-box \">\n\t\t\t\t\t\t\t\t<div class=\"img-box__img\">\n\t\t\t\t\t\t\t\t\t<a href=\"http:\/\/twoja-pralnia.pl\/index.php\/laundry-helper\/prasowanie-parowe\/\">\n\t\t\t\t\t\t\t\t\t<img loading=\"lazy\" width=\"369\" height=\"320\" src=\"https:\/\/twoja-pralnia.pl\/wp-content\/uploads\/2020\/11\/img11.jpg\" class=\"attachment-full size-full\" alt=\"\" decoding=\"async\" srcset=\"https:\/\/twoja-pralnia.pl\/wp-content\/uploads\/2020\/11\/img11.jpg 369w, https:\/\/twoja-pralnia.pl\/wp-content\/uploads\/2020\/11\/img11-300x260.jpg 300w\" sizes=\"(max-width: 369px) 100vw, 369px\" \/>\t\t\t\t\t\t\t\t\t<\/a>\n\t\t\t\t\t\t\t\t\t<div class=\"img-box__label \">\n\t\t\t\t\t\t\t\t\t<i aria-hidden=\"true\" class=\" icons-ironing-board\"><\/i>\t\t\t\t\t\t\t\t\t<\/div>\n\t\t\t\t\t\t\t\t<\/div>\n\t\t\t\t\t\t\t\t<a href=\"http:\/\/twoja-pralnia.pl\/index.php\/laundry-helper\/prasowanie-parowe\/\" class=\"img-box__title\">Prasowanie parowe<\/a>\n\t\t\t\t\t\t\t\t<p>\n\t\t\t\t\t\t\t\tTwoje ubrania zas\u0142uguj\u0105 na wygl\u0105d prosto z salonu. Nasze profesjonalne prasowanie parowe eliminuje zagniecenia i pozostawia Twoje ubrania w idealnym stanie.\t\t\t\t\t\t\t\t<\/p>\n\t\t\t\t\t\t\t\t<a href=\"http:\/\/twoja-pralnia.pl\/index.php\/laundry-helper\/prasowanie-parowe\/\" class=\"tt-btn\"><span class=\"mask\">Czytaj wi\u0119cej<\/span><div class=\"button\">Czytaj wi\u0119cej<\/div><\/a>\n\t\t\t\t\t\t\t<\/div>\n\t\t\t\t\t\t<\/div>\n\t\t\t\t\t\t\t\t\t\t\t\t<div class=\"col-custom-450 col-6 col-md-4\">\n\t\t\t\t\t\t\t<div class=\"img-box \">\n\t\t\t\t\t\t\t\t<div class=\"img-box__img\">\n\t\t\t\t\t\t\t\t\t<a href=\"http:\/\/twoja-pralnia.pl\/index.php\/laundry-helper\/uslugi-maglowania\/\">\n\t\t\t\t\t\t\t\t\t<img loading=\"lazy\" width=\"764\" height=\"662\" src=\"https:\/\/twoja-pralnia.pl\/wp-content\/uploads\/2023\/06\/Usluga-maglowania-2.jpg\" class=\"attachment-full size-full\" alt=\"\" decoding=\"async\" srcset=\"https:\/\/twoja-pralnia.pl\/wp-content\/uploads\/2023\/06\/Usluga-maglowania-2.jpg 764w, https:\/\/twoja-pralnia.pl\/wp-content\/uploads\/2023\/06\/Usluga-maglowania-2-600x520.jpg 600w, https:\/\/twoja-pralnia.pl\/wp-content\/uploads\/2023\/06\/Usluga-maglowania-2-300x260.jpg 300w\" sizes=\"(max-width: 764px) 100vw, 764px\" \/>\t\t\t\t\t\t\t\t\t<\/a>\n\t\t\t\t\t\t\t\t\t<div class=\"img-box__label \">\n\t\t\t\t\t\t\t\t\t<i aria-hidden=\"true\" class=\" icons-863958\"><\/i>\t\t\t\t\t\t\t\t\t<\/div>\n\t\t\t\t\t\t\t\t<\/div>\n\t\t\t\t\t\t\t\t<a href=\"http:\/\/twoja-pralnia.pl\/index.php\/laundry-helper\/uslugi-maglowania\/\" class=\"img-box__title\">Us\u0142uga maglowania<\/a>\n\t\t\t\t\t\t\t\t<p>\n\t\t\t\t\t\t\t\tPozw\u00f3l nam od\u015bwie\u017cy\u0107 Twoj\u0105 po\u015bciel, obrusy, r\u0119czniki i zas\u0142ony dzi\u0119ki naszym profesjonalnym us\u0142ugom maglowania. Idealnie wyprasowane i od\u015bwie\u017cone materia\u0142y to nasza specjalno\u015b\u0107\n\t\t\t\t\t\t\t\t<\/p>\n\t\t\t\t\t\t\t\t<a href=\"http:\/\/twoja-pralnia.pl\/index.php\/laundry-helper\/uslugi-maglowania\/\" class=\"tt-btn\"><span class=\"mask\">Czytaj wi\u0119cej<\/span><div class=\"button\">Czytaj wi\u0119cej<\/div><\/a>\n\t\t\t\t\t\t\t<\/div>\n\t\t\t\t\t\t<\/div>\n\t\t\t\t\t\t\t\t\t\t\t\n\t\t\t\t\t<\/div>\n\t\t\t\t<\/div>\n\t\t\t<\/div>\n\t\t\t\t\t<\/div>\n\t\t\t\t<\/div>\n\t\t\t\t\t<\/div>\n\t\t<\/div>\n\t\t\t\t\t<\/div>\n\t\t<\/section>\n\t\t\t\t<section class=\"elementor-section elementor-top-section elementor-element elementor-element-4155cbe elementor-section-full_width elementor-section-height-default elementor-section-height-default\" data-id=\"4155cbe\" data-element_type=\"section\">\n\t\t\t\t\t\t<div class=\"elementor-container elementor-column-gap-no\">\n\t\t\t\t\t<div class=\"elementor-column elementor-col-100 elementor-top-column elementor-element elementor-element-110c4f2\" data-id=\"110c4f2\" data-element_type=\"column\">\n\t\t\t<div class=\"elementor-widget-wrap elementor-element-populated\">\n\t\t\t\t\t\t<div class=\"elementor-element elementor-element-f883695 elementor-widget elementor-widget-laundry_why_choose_us\" data-id=\"f883695\" data-element_type=\"widget\" data-widget_type=\"laundry_why_choose_us.default\">\n\t\t\t\t<div class=\"elementor-widget-container\">\n\t\t\t\t\t\t<div class=\"section-indent\">\n\t\t\t\t<div class=\"container container-fluid-lg\">\n\t\t\t\t\t<div class=\"title-block text-center\">\n\t\t\t\t\t\t<div class=\"title-block__label\">\n\t\t\t\t\t\t\t[ Why you\u2019ll love us ]\n\t\t\t\t\t\t<\/div>\n\t\t\t\t\t\t<h4 class=\"title-block__title\">\n\t\t\t\t\t\tOur Features\t\t\t\t\t\t<\/h4>\n\t\t\t\t\t<\/div>\n\t\t\t\t\t<div class=\"added-info02 added-info02__top row\">\n\t\t\t\t\t\t\t\t\t\t\t<a href=\"#_\" class=\"added-info02__item col-md-6\">\n\t\t\t\t\t\t\t<div class=\"added-info02__icon  icons-3039848\"><\/div>\n\t\t\t\t\t\t\t<div class=\"added-info02__description\">\n\t\t\t\t\t\t\t\t<h6 class=\"added-info02__title\"><span>Eco-Friendly Dry Cleaning<\/span><\/h6>\n\t\t\t\t\t\t\t\tOur commitment to eco-friendly practices extends beyond our use of 100% toxin-free cleaning techniques. Our company is also incredibly proud to be a carbon-neutral business.\t\t\t\t\t\t\t<\/div>\n\t\t\t\t\t\t<\/a>\n\t\t\t\t\t\t\t\t\t\t<a href=\"#_\" class=\"added-info02__item col-md-6\">\n\t\t\t\t\t\t\t<div class=\"added-info02__icon  icons-3096677\"><\/div>\n\t\t\t\t\t\t\t<div class=\"added-info02__description\">\n\t\t\t\t\t\t\t\t<h6 class=\"added-info02__title\"><span>Wash & Fold<\/span><\/h6>\n\t\t\t\t\t\t\t\tWe are excited to offer quality shoe repair &amp; bag services alongside our second to none dry cleaning and wash &amp; fold service. Our staff use the highest quality products.\t\t\t\t\t\t\t<\/div>\n\t\t\t\t\t\t<\/a>\n\t\t\t\t\t\t\t\t\t\t<a href=\"#_\" class=\"added-info02__item col-md-6\">\n\t\t\t\t\t\t\t<div class=\"added-info02__icon  icons-2979096\"><\/div>\n\t\t\t\t\t\t\t<div class=\"added-info02__description\">\n\t\t\t\t\t\t\t\t<h6 class=\"added-info02__title\"><span>Bag & Shoe Repairs & Shines<\/span><\/h6>\n\t\t\t\t\t\t\t\tWe offer one-day day laundry service to customers in our service areas, combining the excellence of dry cleaning with the ultimate convenience in laundry service and laundry delivery.\t\t\t\t\t\t\t<\/div>\n\t\t\t\t\t\t<\/a>\n\t\t\t\t\t\t\t\t\t\t<a href=\"#_\" class=\"added-info02__item col-md-6\">\n\t\t\t\t\t\t\t<div class=\"added-info02__icon  icons-709790\"><\/div>\n\t\t\t\t\t\t\t<div class=\"added-info02__description\">\n\t\t\t\t\t\t\t\t<h6 class=\"added-info02__title\"><span>Package Delivery<\/span><\/h6>\n\t\t\t\t\t\t\t\tLaundry services are considerably the most convenient services that people look for. Laundry is one of the most difficult chores that we have to deal with on a regular basis.\t\t\t\t\t\t\t<\/div>\n\t\t\t\t\t\t<\/a>\n\t\t\t\t        \n\t\t\t\t\t<\/div>\n\t\t\t\t<\/div>\n\t\t\t<\/div>\n\t\t\t\t\t<\/div>\n\t\t\t\t<\/div>\n\t\t\t\t\t<\/div>\n\t\t<\/div>\n\t\t\t\t\t<\/div>\n\t\t<\/section>\n\t\t\t\t<\/div>\n\t\t","protected":false},"excerpt":{"rendered":"<p>Nasze us\u0142ugi Us\u0142ugi znajuj\u0105ce si\u0119 w ofercie naszej firmy Us\u0142ugi pralni wodnej Skup si\u0119 na tym, co naprawd\u0119 wa\u017cne, a my zajmiemy si\u0119 reszt\u0105. Odebranie brudnego prania, sortowanie, przygotowanie plam, pranie, suszenie, sk\u0142adanie i dostarczenie z powrotem do Ciebie &#8211; to wszystko jest na naszej li\u015bcie Czytaj wi\u0119cejCzytaj wi\u0119cej Us\u0142ugi pralni chemicznej Nasze us\u0142ugi prania [&hellip;]<\/p>\n","protected":false},"author":1,"featured_media":645,"parent":0,"menu_order":0,"comment_status":"closed","ping_status":"closed","template":"","meta":[],"yoast_head":"<!-- This site is optimized with the Yoast SEO plugin v21.3 - https:\/\/yoast.com\/wordpress\/plugins\/seo\/ -->\n<title>Oferta - Twoja pralnia<\/title>\n<meta name=\"robots\" content=\"index, follow, max-snippet:-1, max-image-preview:large, max-video-preview:-1\" \/>\n<link rel=\"canonical\" href=\"https:\/\/twoja-pralnia.pl\/index.php\/services\/\" \/>\n<meta property=\"og:locale\" content=\"pl_PL\" \/>\n<meta property=\"og:type\" content=\"article\" \/>\n<meta property=\"og:title\" content=\"Oferta - Twoja pralnia\" \/>\n<meta property=\"og:description\" content=\"Nasze us\u0142ugi Us\u0142ugi znajuj\u0105ce si\u0119 w ofercie naszej firmy Us\u0142ugi pralni wodnej Skup si\u0119 na tym, co naprawd\u0119 wa\u017cne, a my zajmiemy si\u0119 reszt\u0105. Odebranie brudnego prania, sortowanie, przygotowanie plam, pranie, suszenie, sk\u0142adanie i dostarczenie z powrotem do Ciebie &#8211; to wszystko jest na naszej li\u015bcie Czytaj wi\u0119cejCzytaj wi\u0119cej Us\u0142ugi pralni chemicznej Nasze us\u0142ugi prania [&hellip;]\" \/>\n<meta property=\"og:url\" content=\"https:\/\/twoja-pralnia.pl\/index.php\/services\/\" \/>\n<meta property=\"og:site_name\" content=\"Twoja pralnia\" \/>\n<meta property=\"article:modified_time\" content=\"2023-10-10T09:58:55+00:00\" \/>\n<meta property=\"og:image\" content=\"https:\/\/twoja-pralnia.pl\/wp-content\/uploads\/2020\/11\/subtitle-wrapper01.jpg\" \/>\n\t<meta property=\"og:image:width\" content=\"1920\" \/>\n\t<meta property=\"og:image:height\" content=\"288\" \/>\n\t<meta property=\"og:image:type\" content=\"image\/jpeg\" \/>\n<meta name=\"twitter:card\" content=\"summary_large_image\" \/>\n<meta name=\"twitter:label1\" content=\"Szacowany czas czytania\" \/>\n\t<meta name=\"twitter:data1\" content=\"4 minuty\" \/>\n<script type=\"application\/ld+json\" class=\"yoast-schema-graph\">{\"@context\":\"https:\/\/schema.org\",\"@graph\":[{\"@type\":\"WebPage\",\"@id\":\"https:\/\/twoja-pralnia.pl\/index.php\/services\/\",\"url\":\"https:\/\/twoja-pralnia.pl\/index.php\/services\/\",\"name\":\"Oferta - Twoja pralnia\",\"isPartOf\":{\"@id\":\"https:\/\/twoja-pralnia.pl\/#website\"},\"datePublished\":\"2020-11-15T12:15:14+00:00\",\"dateModified\":\"2023-10-10T09:58:55+00:00\",\"breadcrumb\":{\"@id\":\"https:\/\/twoja-pralnia.pl\/index.php\/services\/#breadcrumb\"},\"inLanguage\":\"pl-PL\",\"potentialAction\":[{\"@type\":\"ReadAction\",\"target\":[\"https:\/\/twoja-pralnia.pl\/index.php\/services\/\"]}]},{\"@type\":\"BreadcrumbList\",\"@id\":\"https:\/\/twoja-pralnia.pl\/index.php\/services\/#breadcrumb\",\"itemListElement\":[{\"@type\":\"ListItem\",\"position\":1,\"name\":\"Home\",\"item\":\"https:\/\/twoja-pralnia.pl\/\"},{\"@type\":\"ListItem\",\"position\":2,\"name\":\"Oferta\"}]},{\"@type\":\"WebSite\",\"@id\":\"https:\/\/twoja-pralnia.pl\/#website\",\"url\":\"https:\/\/twoja-pralnia.pl\/\",\"name\":\"Twoja pralnia\",\"description\":\"\",\"potentialAction\":[{\"@type\":\"SearchAction\",\"target\":{\"@type\":\"EntryPoint\",\"urlTemplate\":\"https:\/\/twoja-pralnia.pl\/?s={search_term_string}\"},\"query-input\":\"required name=search_term_string\"}],\"inLanguage\":\"pl-PL\"}]}<\/script>\n<!-- \/ Yoast SEO plugin. -->","yoast_head_json":{"title":"Oferta - Twoja pralnia","robots":{"index":"index","follow":"follow","max-snippet":"max-snippet:-1","max-image-preview":"max-image-preview:large","max-video-preview":"max-video-preview:-1"},"canonical":"https:\/\/twoja-pralnia.pl\/index.php\/services\/","og_locale":"pl_PL","og_type":"article","og_title":"Oferta - Twoja pralnia","og_description":"Nasze us\u0142ugi Us\u0142ugi znajuj\u0105ce si\u0119 w ofercie naszej firmy Us\u0142ugi pralni wodnej Skup si\u0119 na tym, co naprawd\u0119 wa\u017cne, a my zajmiemy si\u0119 reszt\u0105. Odebranie brudnego prania, sortowanie, przygotowanie plam, pranie, suszenie, sk\u0142adanie i dostarczenie z powrotem do Ciebie &#8211; to wszystko jest na naszej li\u015bcie Czytaj wi\u0119cejCzytaj wi\u0119cej Us\u0142ugi pralni chemicznej Nasze us\u0142ugi prania [&hellip;]","og_url":"https:\/\/twoja-pralnia.pl\/index.php\/services\/","og_site_name":"Twoja pralnia","article_modified_time":"2023-10-10T09:58:55+00:00","og_image":[{"width":1920,"height":288,"url":"https:\/\/twoja-pralnia.pl\/wp-content\/uploads\/2020\/11\/subtitle-wrapper01.jpg","type":"image\/jpeg"}],"twitter_card":"summary_large_image","twitter_misc":{"Szacowany czas czytania":"4 minuty"},"schema":{"@context":"https:\/\/schema.org","@graph":[{"@type":"WebPage","@id":"https:\/\/twoja-pralnia.pl\/index.php\/services\/","url":"https:\/\/twoja-pralnia.pl\/index.php\/services\/","name":"Oferta - Twoja pralnia","isPartOf":{"@id":"https:\/\/twoja-pralnia.pl\/#website"},"datePublished":"2020-11-15T12:15:14+00:00","dateModified":"2023-10-10T09:58:55+00:00","breadcrumb":{"@id":"https:\/\/twoja-pralnia.pl\/index.php\/services\/#breadcrumb"},"inLanguage":"pl-PL","potentialAction":[{"@type":"ReadAction","target":["https:\/\/twoja-pralnia.pl\/index.php\/services\/"]}]},{"@type":"BreadcrumbList","@id":"https:\/\/twoja-pralnia.pl\/index.php\/services\/#breadcrumb","itemListElement":[{"@type":"ListItem","position":1,"name":"Home","item":"https:\/\/twoja-pralnia.pl\/"},{"@type":"ListItem","position":2,"name":"Oferta"}]},{"@type":"WebSite","@id":"https:\/\/twoja-pralnia.pl\/#website","url":"https:\/\/twoja-pralnia.pl\/","name":"Twoja pralnia","description":"","potentialAction":[{"@type":"SearchAction","target":{"@type":"EntryPoint","urlTemplate":"https:\/\/twoja-pralnia.pl\/?s={search_term_string}"},"query-input":"required name=search_term_string"}],"inLanguage":"pl-PL"}]}},"_links":{"self":[{"href":"https:\/\/twoja-pralnia.pl\/index.php\/wp-json\/wp\/v2\/pages\/503"}],"collection":[{"href":"https:\/\/twoja-pralnia.pl\/index.php\/wp-json\/wp\/v2\/pages"}],"about":[{"href":"https:\/\/twoja-pralnia.pl\/index.php\/wp-json\/wp\/v2\/types\/page"}],"author":[{"embeddable":true,"href":"https:\/\/twoja-pralnia.pl\/index.php\/wp-json\/wp\/v2\/users\/1"}],"replies":[{"embeddable":true,"href":"https:\/\/twoja-pralnia.pl\/index.php\/wp-json\/wp\/v2\/comments?post=503"}],"version-history":[{"count":43,"href":"https:\/\/twoja-pralnia.pl\/index.php\/wp-json\/wp\/v2\/pages\/503\/revisions"}],"predecessor-version":[{"id":2054,"href":"https:\/\/twoja-pralnia.pl\/index.php\/wp-json\/wp\/v2\/pages\/503\/revisions\/2054"}],"wp:featuredmedia":[{"embeddable":true,"href":"https:\/\/twoja-pralnia.pl\/index.php\/wp-json\/wp\/v2\/media\/645"}],"wp:attachment":[{"href":"https:\/\/twoja-pralnia.pl\/index.php\/wp-json\/wp\/v2\/media?parent=503"}],"curies":[{"name":"wp","href":"https:\/\/api.w.org\/{rel}","templated":true}]}}