{"id":509,"date":"2020-11-15T12:15:54","date_gmt":"2020-11-15T12:15:54","guid":{"rendered":"http:\/\/twoja-pralnia.pl-v2\/demo2\/?page_id=509"},"modified":"2023-10-10T10:02:37","modified_gmt":"2023-10-10T10:02:37","slug":"faq","status":"publish","type":"page","link":"https:\/\/twoja-pralnia.pl\/index.php\/faq\/","title":{"rendered":"Cz\u0119ste pytania"},"content":{"rendered":"\t\t<div data-elementor-type=\"wp-page\" data-elementor-id=\"509\" class=\"elementor elementor-509\">\n\t\t\t\t\t\t<section class=\"elementor-section elementor-top-section elementor-element elementor-element-1ac9152 elementor-section-full_width elementor-section-height-default elementor-section-height-default\" data-id=\"1ac9152\" data-element_type=\"section\">\n\t\t\t\t\t\t<div class=\"elementor-container elementor-column-gap-no\">\n\t\t\t\t\t<div class=\"elementor-column elementor-col-100 elementor-top-column elementor-element elementor-element-d5543f7\" data-id=\"d5543f7\" data-element_type=\"column\">\n\t\t\t<div class=\"elementor-widget-wrap elementor-element-populated\">\n\t\t\t\t\t\t<div class=\"elementor-element elementor-element-7fcb4ea elementor-widget elementor-widget-laundry_faq\" data-id=\"7fcb4ea\" data-element_type=\"widget\" data-widget_type=\"laundry_faq.default\">\n\t\t\t\t<div class=\"elementor-widget-container\">\n\t\t\t \n\t\t<div class=\"section-indent\">\n\t\t\t<div class=\"container container-fluid-lg\">\n\t\t\t\t<div class=\"title-block text-center\">\n\t\t\t\t\t<div class=\"title-block__label\">\n\t\t\t\t\t\tCz\u0119sto zadawane pytania\t\t\t\t\t<\/div>\n\t\t\t\t\t<h4 class=\"title-block__title\">\n\t\t\t\t\tPoni\u017cej znajuj\u0105 si\u0119 najcz\u0119\u015bciej zadawane pytania i odpowiedzi na nie\t\t\t\t\t<\/h4>\n\t\t\t\t\t<div class=\"title-block__text tt-limit-width03\">\n\t\t\t\t\t\t\t\t\t\t<\/div>\n\t\t\t\t<\/div>\n\t\t\t\t<div class=\"row-indent-top\">\n\t\t\t\t\t<h6 class=\"tt-subtitle\"><\/h6>\n\t\t\t\t\t\n\t\t\t\t\t<div class=\"row\">\n\t\t\t\t\t\t<div class=\"col-md-6\">\n\t\t\t\t\t\t\t<div class=\"js-accordeon accordeon-01\">\n\t\t\t\t\t\t\t\t\t\t\t\t\t\t\t<div class=\"tt-item tt-item__open\">\n\t\t\t\t\t\t\t\t\t<div class=\"tt-item__title\">Czy mog\u0119 samodzielnie dostarczy\u0107 swoje ubrania do Waszej pralni?<\/div>\n\t\t\t\t\t\t\t\t\t<div class=\"tt-item__content\">\n\t\t\t\t\t\t\t\t\tTak, chocia\u017c oferujemy odbi\u00f3r i dostaw\u0119 na miejscu, klienci mog\u0105 r\u00f3wnie\u017c dostarczy\u0107 swoje ubrania do naszej pralni.\t\t\t\t\t\t\t\t\t<\/div>\n\t\t\t\t\t\t\t\t<\/div> \n\t\t\t\t\t\t\t\t\t\t\t\t\t\t\t\t<div class=\"tt-item \">\n\t\t\t\t\t\t\t\t\t<div class=\"tt-item__title\">Czy mog\u0119 zleci\u0107 Wam pranie delikatnych tkanin, takich jak jedwab i we\u0142na?<\/div>\n\t\t\t\t\t\t\t\t\t<div class=\"tt-item__content\">\n\t\t\t\t\t\t\t\t\tTak, mamy du\u017ce do\u015bwiadczenie w pracy z r\u00f3\u017cnymi tkaninami, w tym jedwabiem i we\u0142n\u0105, i wiemy, jak je odpowiednio traktowa\u0107.\t\t\t\t\t\t\t\t\t<\/div>\n\t\t\t\t\t\t\t\t<\/div> \n\t\t\t\t\t\t\t\t\t\t\t\t\t\t\t\t<div class=\"tt-item \">\n\t\t\t\t\t\t\t\t\t<div class=\"tt-item__title\">Czy oferujecie us\u0142ugi prasowania ubra\u0144?<\/div>\n\t\t\t\t\t\t\t\t\t<div class=\"tt-item__content\">\n\t\t\t\t\t\t\t\t\tTak, oferujemy us\u0142ugi prasowania jako cz\u0119\u015b\u0107 naszych us\u0142ug prania.\t\t\t\t\t\t\t\t\t<\/div>\n\t\t\t\t\t\t\t\t<\/div> \n\t\t\t\t\t\t\t\t\t\t\t\t\t\t\t\t<div class=\"tt-item \">\n\t\t\t\t\t\t\t\t\t<div class=\"tt-item__title\">7.\tCzy oferujecie ekologiczne metody prania?<\/div>\n\t\t\t\t\t\t\t\t\t<div class=\"tt-item__content\">\n\t\t\t\t\t\t\t\t\tAkceptujemy got\u00f3wk\u0119, karty kredytowe i debetowe, a tak\u017ce p\u0142atno\u015bci elektroniczne.\t\t\t\t\t\t\t\t\t<\/div>\n\t\t\t\t\t\t\t\t<\/div> \n\t\t\t\t\t\t\t\t\t\t\t\t\t\t\t\t<div class=\"tt-item \">\n\t\t\t\t\t\t\t\t\t<div class=\"tt-item__title\">Co si\u0119 stanie, je\u015bli moje ubrania zostan\u0105 uszkodzone podczas prania w Waszej pralni?<\/div>\n\t\t\t\t\t\t\t\t\t<div class=\"tt-item__content\">\n\t\t\t\t\t\t\t\t\tJeste\u015bmy dumni z naszych wysokiej jako\u015bci us\u0142ug prania i stale staramy si\u0119 minimalizowa\u0107 ryzyko uszkodze\u0144. Je\u015bli jednak dojdzie do takiej sytuacji, jeste\u015bmy zobowi\u0105zani do odpowiedzialno\u015bci za uszkodzone przedmioty zgodnie z nasz\u0105 polityk\u0105 odpowiedzialno\u015bci.\t\t\t\t\t\t\t\t\t<\/div>\n\t\t\t\t\t\t\t\t<\/div> \n\t\t\t\t\t\t\t\t\t\t\t\t\t\t\t\t<div class=\"tt-item \">\n\t\t\t\t\t\t\t\t\t<div class=\"tt-item__title\">Czy oferujecie us\u0142ugi prania dla firm?<\/div>\n\t\t\t\t\t\t\t\t\t<div class=\"tt-item__content\">\n\t\t\t\t\t\t\t\t\tTak, oferujemy specjalne us\u0142ugi prania dla firm, w tym us\u0142ugi dla restauracji, hoteli, centr\u00f3w fitness i innych. Skontaktuj si\u0119 z nami, aby dowiedzie\u0107 si\u0119 wi\u0119cej o naszych us\u0142ugach biznesowych.\t\t\t\t\t\t\t\t\t<\/div>\n\t\t\t\t\t\t\t\t<\/div> \n\t\t\t\t\t\t\t\t\t\t\t\t\t\t\t\t<div class=\"tt-item \">\n\t\t\t\t\t\t\t\t\t<div class=\"tt-item__title\">Czy oferujecie us\u0142ugi prania dla szczeg\u00f3lnie delikatnych ubra\u0144, takich jak suknie \u015blubne? <\/div>\n\t\t\t\t\t\t\t\t\t<div class=\"tt-item__content\">\n\t\t\t\t\t\t\t\t\tTak, mamy du\u017ce do\u015bwiadczenie w piel\u0119gnacji specjalnych przedmiot\u00f3w, takich jak suknie \u015blubne. Prosimy o kontakt, aby om\u00f3wi\u0107 szczeg\u00f3\u0142y.\t\t\t\t\t\t\t\t\t<\/div>\n\t\t\t\t\t\t\t\t<\/div> \n\t\t\t\t\t\t\t\t\t\t\t\t\t\t\t\t<div class=\"tt-item \">\n\t\t\t\t\t\t\t\t\t<div class=\"tt-item__title\">Czy mog\u0119 wybra\u0107 mi\u0119dzy praniem wodnym a chemicznym? <\/div>\n\t\t\t\t\t\t\t\t\t<div class=\"tt-item__content\">\n\t\t\t\t\t\t\t\t\tTak, jeste\u015bmy w stanie zaoferowa\u0107 zar\u00f3wno pranie wodne, jak i chemiczne. Doradzimy Ci, kt\u00f3ra metoda jest najodpowiedniejsza dla Twoich ubra\u0144.\t\t\t\t\t\t\t\t\t<\/div>\n\t\t\t\t\t\t\t\t<\/div> \n\t\t\t\t\t\t\t\t\t\t\t\t\t\t\t\t<div class=\"tt-item \">\n\t\t\t\t\t\t\t\t\t<div class=\"tt-item__title\">Czy jeste\u015bcie w stanie zaj\u0105\u0107 si\u0119 praniem rzeczy o nietypowych wymiarach, takich jak zas\u0142ony czy pokrowce na meble? <\/div>\n\t\t\t\t\t\t\t\t\t<div class=\"tt-item__content\">\n\t\t\t\t\t\t\t\t\tTak, jeste\u015bmy w stanie zaj\u0105\u0107 si\u0119 praniem przedmiot\u00f3w o nietypowych wymiarach. Prosimy o kontakt, aby om\u00f3wi\u0107 szczeg\u00f3\u0142y.\t\t\t\t\t\t\t\t\t<\/div>\n\t\t\t\t\t\t\t\t<\/div> \n\t\t\t\t\t\t\t\t\t\t\t\t\t\t\t\t<div class=\"tt-item \">\n\t\t\t\t\t\t\t\t\t<div class=\"tt-item__title\">Jak d\u0142ugo trzymacie ubrania, kt\u00f3re nie zosta\u0142y odebrane przez klienta?<\/div>\n\t\t\t\t\t\t\t\t\t<div class=\"tt-item__content\">\n\t\t\t\t\t\t\t\t\tNa og\u00f3\u0142 zalecamy, aby nasi klienci odbierali swoje ubrania jak najszybciej po powiadomieniu o gotowo\u015bci. Przechowujemy ubrania przez okres do 30 dni od daty, kiedy s\u0105 gotowe do odbioru. Po tym okresie, nieodebrane ubrania mog\u0105 zosta\u0107 przeniesione do naszego magazynu i mog\u0105 zosta\u0107 na\u0142o\u017cone dodatkowe op\u0142aty za przechowywanie. W przypadku nieodebrania ubra\u0144 przez d\u0142u\u017cszy czas, zastrzegamy sobie prawo do ich utylizacji lub darowizny na cele charytatywne, oczywi\u015bcie po wcze\u015bniejszych pr\u00f3bach skontaktowania si\u0119 z klientem. Wa\u017cne jest, aby zawsze podawa\u0107 aktualne dane kontaktowe, aby\u015bmy mogli powiadomi\u0107 o gotowo\u015bci zam\u00f3wienia i unikn\u0105\u0107 takich sytuacji.\t\t\t\t\t\t\t\t\t<\/div>\n\t\t\t\t\t\t\t\t<\/div> \n\t\t\t\t\t\t\t\t \n\t\t\t\t\t\t\t<\/div>\n\t\t\t\t\t\t<\/div>\n\t\t\t\t\t\t<div class=\"divider-xs d-block d-md-none\"><\/div>\n\t\t\t\t\t\t<div class=\"col-md-6\">\n\t\t\t\t\t\t\t\t\t\t\t\t\t\t<div class=\"js-accordeon accordeon-01\">\n\t\t\t\t\t\t\t\t\t\t\t\t\t\t\t\t<div class=\"tt-item tt-item__open\">\n\t\t\t\t\t\t\t\t\t<div class=\"tt-item__title\">Ile czasu zajmuje proces prania w Waszej pralni?<\/div>\n\t\t\t\t\t\t\t\t\t<div class=\"tt-item__content\">\n\t\t\t\t\t\t\t\t\tZale\u017cy to od typu i ilo\u015bci ubra\u0144, ale zazwyczaj jeste\u015bmy w stanie zwr\u00f3ci\u0107 odzie\u017c w ci\u0105gu 48 godzin od otrzymania.\t\t\t\t\t\t\t\t\t<\/div>\n\t\t\t\t\t\t\t\t<\/div> \n\t\t\t\t\t\t\t\t\t\t\t\t\t\t\t\t<div class=\"tt-item \">\n\t\t\t\t\t\t\t\t\t<div class=\"tt-item__title\">Czy jeste\u015bcie w stanie usun\u0105\u0107 wszystkie plamy z moich ubra\u0144?<\/div>\n\t\t\t\t\t\t\t\t\t<div class=\"tt-item__content\">\n\t\t\t\t\t\t\t\t\tStaramy si\u0119 usun\u0105\u0107 wszystkie plamy, ale niekt\u00f3re mog\u0105 by\u0107 trudne do usuni\u0119cia bez ryzyka uszkodzenia tkaniny. W takich przypadkach skonsultujemy si\u0119 z Tob\u0105, zanim podejmiemy jakiekolwiek dzia\u0142ania.\t\t\t\t\t\t\t\t\t<\/div>\n\t\t\t\t\t\t\t\t<\/div> \n\t\t\t\t\t\t\t\t\t\t\t\t\t\t\t\t<div class=\"tt-item \">\n\t\t\t\t\t\t\t\t\t<div class=\"tt-item__title\">Jakie metody p\u0142atno\u015bci akceptujecie w Waszej pralni?<\/div>\n\t\t\t\t\t\t\t\t\t<div class=\"tt-item__content\">\n\t\t\t\t\t\t\t\t\tAkceptujemy got\u00f3wk\u0119, karty kredytowe i debetowe, a tak\u017ce p\u0142atno\u015bci elektroniczne.\t\t\t\t\t\t\t\t\t<\/div>\n\t\t\t\t\t\t\t\t<\/div> \n\t\t\t\t\t\t\t\t\t\t\t\t\t\t\t\t<div class=\"tt-item \">\n\t\t\t\t\t\t\t\t\t<div class=\"tt-item__title\">Czy jest mo\u017cliwo\u015b\u0107 skorzystania z us\u0142ug ekspresowych?<\/div>\n\t\t\t\t\t\t\t\t\t<div class=\"tt-item__content\">\n\t\t\t\t\t\t\t\t\tTak, oferujemy us\u0142ugi ekspresowe dla klient\u00f3w, kt\u00f3rzy potrzebuj\u0105 swojej odzie\u017cy w jak najkr\u00f3tszym czasie.\t\t\t\t\t\t\t\t\t<\/div>\n\t\t\t\t\t\t\t\t<\/div> \n\t\t\t\t\t\t\t\t\t\t\t\t\t\t\t\t<div class=\"tt-item \">\n\t\t\t\t\t\t\t\t\t<div class=\"tt-item__title\">Czy jeste\u015bcie w stanie zaj\u0105\u0107 si\u0119 praniem moich du\u017cych przedmiot\u00f3w, takich jak koce i dywany?<\/div>\n\t\t\t\t\t\t\t\t\t<div class=\"tt-item__content\">\n\t\t\t\t\t\t\t\t\tTak, mo\u017cemy zaj\u0105\u0107 si\u0119 praniem wi\u0119kszych przedmiot\u00f3w. Prosimy o kontakt, aby om\u00f3wi\u0107 szczeg\u00f3\u0142y.\t\t\t\t\t\t\t\t\t<\/div>\n\t\t\t\t\t\t\t\t<\/div> \n\t\t\t\t\t\t\t\t\t\t\t\t\t\t\t\t<div class=\"tt-item \">\n\t\t\t\t\t\t\t\t\t<div class=\"tt-item__title\">Czy u\u017cywacie jakich\u015b specjalnych \u015brodk\u00f3w czysto\u015bci? <\/div>\n\t\t\t\t\t\t\t\t\t<div class=\"tt-item__content\">\n\t\t\t\t\t\t\t\t\tTak, u\u017cywamy specjalnie wyselekcjonowanych, wysokiej jako\u015bci \u015brodk\u00f3w czysto\u015bci, kt\u00f3re s\u0105 skuteczne, ale jednocze\u015bnie delikatne dla Twoich ubra\u0144. Ponadto korzystamy z ekologicznych \u015brodk\u00f3w czysto\u015bci, aby zminimalizowa\u0107 nasz wp\u0142yw na \u015brodowisko.\t\t\t\t\t\t\t\t\t<\/div>\n\t\t\t\t\t\t\t\t<\/div> \n\t\t\t\t\t\t\t\t\t\t\t\t\t\t\t\t<div class=\"tt-item \">\n\t\t\t\t\t\t\t\t\t<div class=\"tt-item__title\">Czy oferujecie us\u0142ugi prania na miejscu?<\/div>\n\t\t\t\t\t\t\t\t\t<div class=\"tt-item__content\">\n\t\t\t\t\t\t\t\t\tNiestety, nie oferujemy prania na miejscu. Oferujemy jednak wygodn\u0105 us\u0142ug\u0119 odbioru i dostawy, dzi\u0119ki kt\u00f3rej mo\u017cesz zleci\u0107 nam pranie bez opuszczania domu.\t\t\t\t\t\t\t\t\t<\/div>\n\t\t\t\t\t\t\t\t<\/div> \n\t\t\t\t\t\t\t\t\t\t\t\t\t\t\t\t<div class=\"tt-item \">\n\t\t\t\t\t\t\t\t\t<div class=\"tt-item__title\">Czy oferujecie jakie\u015b zni\u017cki dla sta\u0142ych klient\u00f3w? <\/div>\n\t\t\t\t\t\t\t\t\t<div class=\"tt-item__content\">\n\t\t\t\t\t\t\t\t\tTak, oferujemy program lojalno\u015bciowy dla naszych sta\u0142ych klient\u00f3w. Prosimy o kontakt, aby dowiedzie\u0107 si\u0119 wi\u0119cej na ten temat.\t\t\t\t\t\t\t\t\t<\/div>\n\t\t\t\t\t\t\t\t<\/div> \n\t\t\t\t\t\t\t\t \n\t\t\t\t\t\t\t<\/div>\n\t\t\t\t\t\t<\/div>\n\t\t\t\t\t<\/div>\n\t\t\t\t\t\n\t\t\t\t<\/div>\n\t\t\t<\/div>\n\t\t<\/div>\n\t\t\t\t<\/div>\n\t\t\t\t<\/div>\n\t\t\t\t\t<\/div>\n\t\t<\/div>\n\t\t\t\t\t<\/div>\n\t\t<\/section>\n\t\t\t\t<section class=\"elementor-section elementor-top-section elementor-element elementor-element-0c2a988 elementor-section-full_width elementor-section-height-default elementor-section-height-default\" data-id=\"0c2a988\" data-element_type=\"section\">\n\t\t\t\t\t\t<div class=\"elementor-container elementor-column-gap-no\">\n\t\t\t\t\t<div class=\"elementor-column elementor-col-100 elementor-top-column elementor-element elementor-element-52464eb\" data-id=\"52464eb\" data-element_type=\"column\">\n\t\t\t<div class=\"elementor-widget-wrap elementor-element-populated\">\n\t\t\t\t\t\t<div class=\"elementor-element elementor-element-42d1563 elementor-widget elementor-widget-laundry_contact_form\" data-id=\"42d1563\" data-element_type=\"widget\" data-widget_type=\"laundry_contact_form.default\">\n\t\t\t\t<div class=\"elementor-widget-container\">\n\t\t\t\t\t\t<div class=\"section-inner\">\n\t\t\t\t<div class=\"container container-fluid-lg\">\n\t\t\t\t\t<div class=\"title-block text-center\">\n\t\t\t\t\t\t<h4 class=\"title-block__title\">\n\t\t\t\t\t\tMasz inne pytanie?\t\t\t\t\t\t<\/h4>\n\t\t\t\t\t\t<div class=\"title-block__text tt-limit-width\">\n\t\t\t\t\t\tZabrak\u0142o odpowiedzi na Twoje pytanie? Zadzwo\u0144 pod numer 501 501 464\t\t\t\t\t\t<\/div>\n\t\t\t\t\t<\/div>\n\t\t\t\t\t<div class=\"row justify-content-md-center\">\n\t\t\t\t\t\t<div class=\"col-md-9 col-lg-8\">\n\t\t\t\t\t\t\t<div class=\"form-default form-default__top text-center\" id=\"faq-form\">\n\t\t\t\t\t\t\t\t\t\t\t\t\t\t<\/div>\n\t\t\t\t\t\t<\/div>\n\t\t\t\t\t<\/div>\n\t\t\t\t<\/div>\n\t\t\t<\/div>\n\t\t\t\t\t<\/div>\n\t\t\t\t<\/div>\n\t\t\t\t\t<\/div>\n\t\t<\/div>\n\t\t\t\t\t<\/div>\n\t\t<\/section>\n\t\t\t\t<\/div>\n\t\t","protected":false},"excerpt":{"rendered":"<p>Cz\u0119sto zadawane pytania Poni\u017cej znajuj\u0105 si\u0119 najcz\u0119\u015bciej zadawane pytania i odpowiedzi na nie Czy mog\u0119 samodzielnie dostarczy\u0107 swoje ubrania do Waszej pralni? Tak, chocia\u017c oferujemy odbi\u00f3r i dostaw\u0119 na miejscu, klienci mog\u0105 r\u00f3wnie\u017c dostarczy\u0107 swoje ubrania do naszej pralni. Czy mog\u0119 zleci\u0107 Wam pranie delikatnych tkanin, takich jak jedwab i we\u0142na? Tak, mamy du\u017ce do\u015bwiadczenie [&hellip;]<\/p>\n","protected":false},"author":1,"featured_media":645,"parent":0,"menu_order":0,"comment_status":"closed","ping_status":"closed","template":"","meta":[],"yoast_head":"<!-- This site is optimized with the Yoast SEO plugin v21.3 - https:\/\/yoast.com\/wordpress\/plugins\/seo\/ -->\n<title>Cz\u0119ste pytania - Twoja pralnia<\/title>\n<meta name=\"robots\" content=\"index, follow, max-snippet:-1, max-image-preview:large, max-video-preview:-1\" \/>\n<link rel=\"canonical\" href=\"https:\/\/twoja-pralnia.pl\/index.php\/faq\/\" \/>\n<meta property=\"og:locale\" content=\"pl_PL\" \/>\n<meta property=\"og:type\" content=\"article\" \/>\n<meta property=\"og:title\" content=\"Cz\u0119ste pytania - Twoja pralnia\" \/>\n<meta property=\"og:description\" content=\"Cz\u0119sto zadawane pytania Poni\u017cej znajuj\u0105 si\u0119 najcz\u0119\u015bciej zadawane pytania i odpowiedzi na nie Czy mog\u0119 samodzielnie dostarczy\u0107 swoje ubrania do Waszej pralni? Tak, chocia\u017c oferujemy odbi\u00f3r i dostaw\u0119 na miejscu, klienci mog\u0105 r\u00f3wnie\u017c dostarczy\u0107 swoje ubrania do naszej pralni. Czy mog\u0119 zleci\u0107 Wam pranie delikatnych tkanin, takich jak jedwab i we\u0142na? Tak, mamy du\u017ce do\u015bwiadczenie [&hellip;]\" \/>\n<meta property=\"og:url\" content=\"https:\/\/twoja-pralnia.pl\/index.php\/faq\/\" \/>\n<meta property=\"og:site_name\" content=\"Twoja pralnia\" \/>\n<meta property=\"article:modified_time\" content=\"2023-10-10T10:02:37+00:00\" \/>\n<meta property=\"og:image\" content=\"https:\/\/twoja-pralnia.pl\/wp-content\/uploads\/2020\/11\/subtitle-wrapper01.jpg\" \/>\n\t<meta property=\"og:image:width\" content=\"1920\" \/>\n\t<meta property=\"og:image:height\" content=\"288\" \/>\n\t<meta property=\"og:image:type\" content=\"image\/jpeg\" \/>\n<meta name=\"twitter:card\" content=\"summary_large_image\" \/>\n<meta name=\"twitter:label1\" content=\"Szacowany czas czytania\" \/>\n\t<meta name=\"twitter:data1\" content=\"4 minuty\" \/>\n<script type=\"application\/ld+json\" class=\"yoast-schema-graph\">{\"@context\":\"https:\/\/schema.org\",\"@graph\":[{\"@type\":\"WebPage\",\"@id\":\"https:\/\/twoja-pralnia.pl\/index.php\/faq\/\",\"url\":\"https:\/\/twoja-pralnia.pl\/index.php\/faq\/\",\"name\":\"Cz\u0119ste pytania - Twoja pralnia\",\"isPartOf\":{\"@id\":\"https:\/\/twoja-pralnia.pl\/#website\"},\"datePublished\":\"2020-11-15T12:15:54+00:00\",\"dateModified\":\"2023-10-10T10:02:37+00:00\",\"breadcrumb\":{\"@id\":\"https:\/\/twoja-pralnia.pl\/index.php\/faq\/#breadcrumb\"},\"inLanguage\":\"pl-PL\",\"potentialAction\":[{\"@type\":\"ReadAction\",\"target\":[\"https:\/\/twoja-pralnia.pl\/index.php\/faq\/\"]}]},{\"@type\":\"BreadcrumbList\",\"@id\":\"https:\/\/twoja-pralnia.pl\/index.php\/faq\/#breadcrumb\",\"itemListElement\":[{\"@type\":\"ListItem\",\"position\":1,\"name\":\"Home\",\"item\":\"https:\/\/twoja-pralnia.pl\/\"},{\"@type\":\"ListItem\",\"position\":2,\"name\":\"Cz\u0119ste pytania\"}]},{\"@type\":\"WebSite\",\"@id\":\"https:\/\/twoja-pralnia.pl\/#website\",\"url\":\"https:\/\/twoja-pralnia.pl\/\",\"name\":\"Twoja pralnia\",\"description\":\"\",\"potentialAction\":[{\"@type\":\"SearchAction\",\"target\":{\"@type\":\"EntryPoint\",\"urlTemplate\":\"https:\/\/twoja-pralnia.pl\/?s={search_term_string}\"},\"query-input\":\"required name=search_term_string\"}],\"inLanguage\":\"pl-PL\"}]}<\/script>\n<!-- \/ Yoast SEO plugin. -->","yoast_head_json":{"title":"Cz\u0119ste pytania - Twoja pralnia","robots":{"index":"index","follow":"follow","max-snippet":"max-snippet:-1","max-image-preview":"max-image-preview:large","max-video-preview":"max-video-preview:-1"},"canonical":"https:\/\/twoja-pralnia.pl\/index.php\/faq\/","og_locale":"pl_PL","og_type":"article","og_title":"Cz\u0119ste pytania - Twoja pralnia","og_description":"Cz\u0119sto zadawane pytania Poni\u017cej znajuj\u0105 si\u0119 najcz\u0119\u015bciej zadawane pytania i odpowiedzi na nie Czy mog\u0119 samodzielnie dostarczy\u0107 swoje ubrania do Waszej pralni? Tak, chocia\u017c oferujemy odbi\u00f3r i dostaw\u0119 na miejscu, klienci mog\u0105 r\u00f3wnie\u017c dostarczy\u0107 swoje ubrania do naszej pralni. Czy mog\u0119 zleci\u0107 Wam pranie delikatnych tkanin, takich jak jedwab i we\u0142na? Tak, mamy du\u017ce do\u015bwiadczenie [&hellip;]","og_url":"https:\/\/twoja-pralnia.pl\/index.php\/faq\/","og_site_name":"Twoja pralnia","article_modified_time":"2023-10-10T10:02:37+00:00","og_image":[{"width":1920,"height":288,"url":"https:\/\/twoja-pralnia.pl\/wp-content\/uploads\/2020\/11\/subtitle-wrapper01.jpg","type":"image\/jpeg"}],"twitter_card":"summary_large_image","twitter_misc":{"Szacowany czas czytania":"4 minuty"},"schema":{"@context":"https:\/\/schema.org","@graph":[{"@type":"WebPage","@id":"https:\/\/twoja-pralnia.pl\/index.php\/faq\/","url":"https:\/\/twoja-pralnia.pl\/index.php\/faq\/","name":"Cz\u0119ste pytania - Twoja pralnia","isPartOf":{"@id":"https:\/\/twoja-pralnia.pl\/#website"},"datePublished":"2020-11-15T12:15:54+00:00","dateModified":"2023-10-10T10:02:37+00:00","breadcrumb":{"@id":"https:\/\/twoja-pralnia.pl\/index.php\/faq\/#breadcrumb"},"inLanguage":"pl-PL","potentialAction":[{"@type":"ReadAction","target":["https:\/\/twoja-pralnia.pl\/index.php\/faq\/"]}]},{"@type":"BreadcrumbList","@id":"https:\/\/twoja-pralnia.pl\/index.php\/faq\/#breadcrumb","itemListElement":[{"@type":"ListItem","position":1,"name":"Home","item":"https:\/\/twoja-pralnia.pl\/"},{"@type":"ListItem","position":2,"name":"Cz\u0119ste pytania"}]},{"@type":"WebSite","@id":"https:\/\/twoja-pralnia.pl\/#website","url":"https:\/\/twoja-pralnia.pl\/","name":"Twoja pralnia","description":"","potentialAction":[{"@type":"SearchAction","target":{"@type":"EntryPoint","urlTemplate":"https:\/\/twoja-pralnia.pl\/?s={search_term_string}"},"query-input":"required name=search_term_string"}],"inLanguage":"pl-PL"}]}},"_links":{"self":[{"href":"https:\/\/twoja-pralnia.pl\/index.php\/wp-json\/wp\/v2\/pages\/509"}],"collection":[{"href":"https:\/\/twoja-pralnia.pl\/index.php\/wp-json\/wp\/v2\/pages"}],"about":[{"href":"https:\/\/twoja-pralnia.pl\/index.php\/wp-json\/wp\/v2\/types\/page"}],"author":[{"embeddable":true,"href":"https:\/\/twoja-pralnia.pl\/index.php\/wp-json\/wp\/v2\/users\/1"}],"replies":[{"embeddable":true,"href":"https:\/\/twoja-pralnia.pl\/index.php\/wp-json\/wp\/v2\/comments?post=509"}],"version-history":[{"count":31,"href":"https:\/\/twoja-pralnia.pl\/index.php\/wp-json\/wp\/v2\/pages\/509\/revisions"}],"predecessor-version":[{"id":2060,"href":"https:\/\/twoja-pralnia.pl\/index.php\/wp-json\/wp\/v2\/pages\/509\/revisions\/2060"}],"wp:featuredmedia":[{"embeddable":true,"href":"https:\/\/twoja-pralnia.pl\/index.php\/wp-json\/wp\/v2\/media\/645"}],"wp:attachment":[{"href":"https:\/\/twoja-pralnia.pl\/index.php\/wp-json\/wp\/v2\/media?parent=509"}],"curies":[{"name":"wp","href":"https:\/\/api.w.org\/{rel}","templated":true}]}}