{"id":602,"date":"2020-11-16T06:20:19","date_gmt":"2020-11-16T06:20:19","guid":{"rendered":"http:\/\/twoja-pralnia.pl-v2\/demo2\/?page_id=602"},"modified":"2023-07-17T19:27:23","modified_gmt":"2023-07-17T19:27:23","slug":"contact-us","status":"publish","type":"page","link":"https:\/\/twoja-pralnia.pl\/index.php\/contact-us\/","title":{"rendered":"Kontakt"},"content":{"rendered":"\t\t<div data-elementor-type=\"wp-page\" data-elementor-id=\"602\" class=\"elementor elementor-602\">\n\t\t\t\t\t\t<section class=\"elementor-section elementor-top-section elementor-element elementor-element-e2939ab elementor-section-full_width elementor-section-height-default elementor-section-height-default\" data-id=\"e2939ab\" data-element_type=\"section\">\n\t\t\t\t\t\t<div class=\"elementor-container elementor-column-gap-no\">\n\t\t\t\t\t<div class=\"elementor-column elementor-col-100 elementor-top-column elementor-element elementor-element-f30a586\" data-id=\"f30a586\" data-element_type=\"column\">\n\t\t\t<div class=\"elementor-widget-wrap elementor-element-populated\">\n\t\t\t\t\t\t<div class=\"elementor-element elementor-element-a5235f6 elementor-widget elementor-widget-laundry_contact_information\" data-id=\"a5235f6\" data-element_type=\"widget\" data-widget_type=\"laundry_contact_information.default\">\n\t\t\t\t<div class=\"elementor-widget-container\">\n\t\t\t \n<div class=\"section-inner\">\n\t<div class=\"container container-fluid-lg\">\n\t\t<div class=\"title-block text-center\">\n\t\t\t<div class=\"title-block__label\">\n\t\t\t\t [Skontaktuj si\u0119 z nami] \n\t\t\t<\/div>\n\t\t\t<h4 class=\"title-block__title\">\n\t\t\t\tInformacje kontaktowe\t\t\t<\/h4>\n\t\t<\/div>\n\t\t<div class=\"row info03__wrapper\">\n\t\t\t\t\t\t\t<div class=\"col-custom-450 col-6 col-md-3\">\n\t\t\t\t\t<div class=\"info03\">\n\t\t\t\t\t\t<i class=\"info03__icon  icons-484169\"><\/i>\n\t\t\t\t\t\t<h6 class=\"info03__title\">Adres<\/h6>\n\t\t\t\t\t\t<address>\n\t\t\t\t\t\t\tWielopole 29G, 97-400 Be\u0142chat\u00f3w\t\t\t\t\t\t<\/address>\n\t\t\t\t\t<\/div>\n\t\t\t\t<\/div> \n\t\t\t\t\t\t\t<div class=\"col-custom-450 col-6 col-md-3\">\n\t\t\t\t\t<div class=\"info03\">\n\t\t\t\t\t\t<i class=\"info03__icon  icons-483947\"><\/i>\n\t\t\t\t\t\t<h6 class=\"info03__title\">Telefon<\/h6>\n\t\t\t\t\t\t<address>\n\t\t\t\t\t\t\t<a href=\"tel:501501464\">501501464<\/a>\t\t\t\t\t\t<\/address>\n\t\t\t\t\t<\/div>\n\t\t\t\t<\/div> \n\t\t\t\t\t\t\t<div class=\"col-custom-450 col-6 col-md-3\">\n\t\t\t\t\t<div class=\"info03\">\n\t\t\t\t\t\t<i class=\"info03__icon  icons-1004017\"><\/i>\n\t\t\t\t\t\t<h6 class=\"info03__title\">E-mail Address<\/h6>\n\t\t\t\t\t\t<address>\n\t\t\t\t\t\t\t<a href=\"mailto:kontakt@twoja-pralnia.pl\">kontakt@twoja-pralnia.pl<\/a>\t\t\t\t\t\t<\/address>\n\t\t\t\t\t<\/div>\n\t\t\t\t<\/div> \n\t\t\t\t\t\t\t<div class=\"col-custom-450 col-6 col-md-3\">\n\t\t\t\t\t<div class=\"info03\">\n\t\t\t\t\t\t<i class=\"info03__icon  icons-59252\"><\/i>\n\t\t\t\t\t\t<h6 class=\"info03__title\">Godziny otwarcia<\/h6>\n\t\t\t\t\t\t<address>\n\t\t\t\t\t\t\tPoniedzia\u0142ek - Pi\u0105tek 9.00-17.00\t\t\t\t\t\t<\/address>\n\t\t\t\t\t<\/div>\n\t\t\t\t<\/div> \n\t\t\t \t\t\t\t\t\n\t\t<\/div>\n\t<\/div>\n<\/div> \n\t\t\t\t<\/div>\n\t\t\t\t<\/div>\n\t\t\t\t\t<\/div>\n\t\t<\/div>\n\t\t\t\t\t<\/div>\n\t\t<\/section>\n\t\t\t\t<section class=\"elementor-section elementor-top-section elementor-element elementor-element-3ad1980 elementor-section-full_width elementor-section-height-default elementor-section-height-default\" data-id=\"3ad1980\" data-element_type=\"section\">\n\t\t\t\t\t\t<div class=\"elementor-container elementor-column-gap-no\">\n\t\t\t\t\t<div class=\"elementor-column elementor-col-100 elementor-top-column elementor-element elementor-element-14b167e\" data-id=\"14b167e\" data-element_type=\"column\">\n\t\t\t<div class=\"elementor-widget-wrap elementor-element-populated\">\n\t\t\t\t\t\t<div class=\"elementor-element elementor-element-7f42c8a elementor-widget elementor-widget-laundry_contact_form\" data-id=\"7f42c8a\" data-element_type=\"widget\" data-widget_type=\"laundry_contact_form.default\">\n\t\t\t\t<div class=\"elementor-widget-container\">\n\t\t\t \n\t\t<div class=\"tt-posirion-relative\">\n\t\t\t<div class=\"container container-fluid-lg\">\n\t\t\t\t<div class=\"row\">\n\t\t\t\t\t<div class=\"col-lg-6\">\n\t\t\t\t\t\t<div class=\"map-layout\">\n\t\t\t\t\t\t\t<div class=\"title-block\">\n\t\t\t\t\t\t\t\t<h4 class=\"title-block__title\">\n\t\t\t\t\t\t\t\t\tMapa\t\t\t\t\t\t\t\t<\/h4>\n\t\t\t\t\t\t\t<\/div>\n\t\t\t\t\t\t\t<p>\n\t\t\t\t\t\t\t\t\t\t\t\t\t\t<\/p>\n\t\t\t\t\t\t\t<div class=\"form-default\" id=\"contact-form\">\n\t\t\t\t\t\t\t\t\t\t\t\t\t\t<\/div>\n\t\t\t\t\t\t<\/div>\n\t\t\t\t\t<\/div>\n\t\t\t\t<\/div>\n\t\t\t<\/div>\n\t\t\t<div id=\"map\" class=\"map-layout-wrapper\">\n\t\t\t<div class=\"mapouter\"><div class=\"gmap_canvas\"><iframe id=\"gmap_canvas\" src=\"https:\/\/www.google.com\/maps\/embed?pb=!1m18!1m12!1m3!1d2488.6218824469684!2d19.451373!3d51.410002!2m3!1f0!2f0!3f0!3m2!1i1024!2i768!4f13.1!3m3!1m2!1s0x471a187a18bfcccb%3A0xbb229a58ad4d9ed1!2sWielopole%2029g%2C%2097-400%20Wola%20Kruszy%C5%84ska!5e0!3m2!1spl!2spl!4v1689621864248!5m2!1spl!2spl\"><\/iframe><\/div><\/div>\t\t\t<\/div>\n\t\t<\/div>\n\t\t\t\t<\/div>\n\t\t\t\t<\/div>\n\t\t\t\t\t<\/div>\n\t\t<\/div>\n\t\t\t\t\t<\/div>\n\t\t<\/section>\n\t\t\t\t<\/div>\n\t\t","protected":false},"excerpt":{"rendered":"<p>[Skontaktuj si\u0119 z nami] Informacje kontaktowe Adres Wielopole 29G, 97-400 Be\u0142chat\u00f3w Telefon 501501464 E-mail Address kontakt@twoja-pralnia.pl Godziny otwarcia Poniedzia\u0142ek &#8211; Pi\u0105tek 9.00-17.00 Mapa<\/p>\n","protected":false},"author":1,"featured_media":645,"parent":0,"menu_order":0,"comment_status":"closed","ping_status":"closed","template":"elementor_header_footer","meta":[],"yoast_head":"<!-- This site is optimized with the Yoast SEO plugin v21.3 - https:\/\/yoast.com\/wordpress\/plugins\/seo\/ -->\n<title>Kontakt - Twoja pralnia<\/title>\n<meta name=\"robots\" content=\"index, follow, max-snippet:-1, max-image-preview:large, max-video-preview:-1\" \/>\n<link rel=\"canonical\" href=\"https:\/\/twoja-pralnia.pl\/index.php\/contact-us\/\" \/>\n<meta property=\"og:locale\" content=\"pl_PL\" \/>\n<meta property=\"og:type\" content=\"article\" \/>\n<meta property=\"og:title\" content=\"Kontakt - Twoja pralnia\" \/>\n<meta property=\"og:description\" content=\"[Skontaktuj si\u0119 z nami] Informacje kontaktowe Adres Wielopole 29G, 97-400 Be\u0142chat\u00f3w Telefon 501501464 E-mail Address kontakt@twoja-pralnia.pl Godziny otwarcia Poniedzia\u0142ek &#8211; Pi\u0105tek 9.00-17.00 Mapa\" \/>\n<meta property=\"og:url\" content=\"https:\/\/twoja-pralnia.pl\/index.php\/contact-us\/\" \/>\n<meta property=\"og:site_name\" content=\"Twoja pralnia\" \/>\n<meta property=\"article:modified_time\" content=\"2023-07-17T19:27:23+00:00\" \/>\n<meta property=\"og:image\" content=\"https:\/\/twoja-pralnia.pl\/wp-content\/uploads\/2020\/11\/subtitle-wrapper01.jpg\" \/>\n\t<meta property=\"og:image:width\" content=\"1920\" \/>\n\t<meta property=\"og:image:height\" content=\"288\" \/>\n\t<meta property=\"og:image:type\" content=\"image\/jpeg\" \/>\n<meta name=\"twitter:card\" content=\"summary_large_image\" \/>\n<meta name=\"twitter:label1\" content=\"Szacowany czas czytania\" \/>\n\t<meta name=\"twitter:data1\" content=\"1 minuta\" \/>\n<script type=\"application\/ld+json\" class=\"yoast-schema-graph\">{\"@context\":\"https:\/\/schema.org\",\"@graph\":[{\"@type\":\"WebPage\",\"@id\":\"https:\/\/twoja-pralnia.pl\/index.php\/contact-us\/\",\"url\":\"https:\/\/twoja-pralnia.pl\/index.php\/contact-us\/\",\"name\":\"Kontakt - Twoja pralnia\",\"isPartOf\":{\"@id\":\"https:\/\/twoja-pralnia.pl\/#website\"},\"datePublished\":\"2020-11-16T06:20:19+00:00\",\"dateModified\":\"2023-07-17T19:27:23+00:00\",\"breadcrumb\":{\"@id\":\"https:\/\/twoja-pralnia.pl\/index.php\/contact-us\/#breadcrumb\"},\"inLanguage\":\"pl-PL\",\"potentialAction\":[{\"@type\":\"ReadAction\",\"target\":[\"https:\/\/twoja-pralnia.pl\/index.php\/contact-us\/\"]}]},{\"@type\":\"BreadcrumbList\",\"@id\":\"https:\/\/twoja-pralnia.pl\/index.php\/contact-us\/#breadcrumb\",\"itemListElement\":[{\"@type\":\"ListItem\",\"position\":1,\"name\":\"Home\",\"item\":\"https:\/\/twoja-pralnia.pl\/\"},{\"@type\":\"ListItem\",\"position\":2,\"name\":\"Kontakt\"}]},{\"@type\":\"WebSite\",\"@id\":\"https:\/\/twoja-pralnia.pl\/#website\",\"url\":\"https:\/\/twoja-pralnia.pl\/\",\"name\":\"Twoja pralnia\",\"description\":\"\",\"potentialAction\":[{\"@type\":\"SearchAction\",\"target\":{\"@type\":\"EntryPoint\",\"urlTemplate\":\"https:\/\/twoja-pralnia.pl\/?s={search_term_string}\"},\"query-input\":\"required name=search_term_string\"}],\"inLanguage\":\"pl-PL\"}]}<\/script>\n<!-- \/ Yoast SEO plugin. -->","yoast_head_json":{"title":"Kontakt - Twoja pralnia","robots":{"index":"index","follow":"follow","max-snippet":"max-snippet:-1","max-image-preview":"max-image-preview:large","max-video-preview":"max-video-preview:-1"},"canonical":"https:\/\/twoja-pralnia.pl\/index.php\/contact-us\/","og_locale":"pl_PL","og_type":"article","og_title":"Kontakt - Twoja pralnia","og_description":"[Skontaktuj si\u0119 z nami] Informacje kontaktowe Adres Wielopole 29G, 97-400 Be\u0142chat\u00f3w Telefon 501501464 E-mail Address kontakt@twoja-pralnia.pl Godziny otwarcia Poniedzia\u0142ek &#8211; Pi\u0105tek 9.00-17.00 Mapa","og_url":"https:\/\/twoja-pralnia.pl\/index.php\/contact-us\/","og_site_name":"Twoja pralnia","article_modified_time":"2023-07-17T19:27:23+00:00","og_image":[{"width":1920,"height":288,"url":"https:\/\/twoja-pralnia.pl\/wp-content\/uploads\/2020\/11\/subtitle-wrapper01.jpg","type":"image\/jpeg"}],"twitter_card":"summary_large_image","twitter_misc":{"Szacowany czas czytania":"1 minuta"},"schema":{"@context":"https:\/\/schema.org","@graph":[{"@type":"WebPage","@id":"https:\/\/twoja-pralnia.pl\/index.php\/contact-us\/","url":"https:\/\/twoja-pralnia.pl\/index.php\/contact-us\/","name":"Kontakt - Twoja pralnia","isPartOf":{"@id":"https:\/\/twoja-pralnia.pl\/#website"},"datePublished":"2020-11-16T06:20:19+00:00","dateModified":"2023-07-17T19:27:23+00:00","breadcrumb":{"@id":"https:\/\/twoja-pralnia.pl\/index.php\/contact-us\/#breadcrumb"},"inLanguage":"pl-PL","potentialAction":[{"@type":"ReadAction","target":["https:\/\/twoja-pralnia.pl\/index.php\/contact-us\/"]}]},{"@type":"BreadcrumbList","@id":"https:\/\/twoja-pralnia.pl\/index.php\/contact-us\/#breadcrumb","itemListElement":[{"@type":"ListItem","position":1,"name":"Home","item":"https:\/\/twoja-pralnia.pl\/"},{"@type":"ListItem","position":2,"name":"Kontakt"}]},{"@type":"WebSite","@id":"https:\/\/twoja-pralnia.pl\/#website","url":"https:\/\/twoja-pralnia.pl\/","name":"Twoja pralnia","description":"","potentialAction":[{"@type":"SearchAction","target":{"@type":"EntryPoint","urlTemplate":"https:\/\/twoja-pralnia.pl\/?s={search_term_string}"},"query-input":"required name=search_term_string"}],"inLanguage":"pl-PL"}]}},"_links":{"self":[{"href":"https:\/\/twoja-pralnia.pl\/index.php\/wp-json\/wp\/v2\/pages\/602"}],"collection":[{"href":"https:\/\/twoja-pralnia.pl\/index.php\/wp-json\/wp\/v2\/pages"}],"about":[{"href":"https:\/\/twoja-pralnia.pl\/index.php\/wp-json\/wp\/v2\/types\/page"}],"author":[{"embeddable":true,"href":"https:\/\/twoja-pralnia.pl\/index.php\/wp-json\/wp\/v2\/users\/1"}],"replies":[{"embeddable":true,"href":"https:\/\/twoja-pralnia.pl\/index.php\/wp-json\/wp\/v2\/comments?post=602"}],"version-history":[{"count":19,"href":"https:\/\/twoja-pralnia.pl\/index.php\/wp-json\/wp\/v2\/pages\/602\/revisions"}],"predecessor-version":[{"id":1927,"href":"https:\/\/twoja-pralnia.pl\/index.php\/wp-json\/wp\/v2\/pages\/602\/revisions\/1927"}],"wp:featuredmedia":[{"embeddable":true,"href":"https:\/\/twoja-pralnia.pl\/index.php\/wp-json\/wp\/v2\/media\/645"}],"wp:attachment":[{"href":"https:\/\/twoja-pralnia.pl\/index.php\/wp-json\/wp\/v2\/media?parent=602"}],"curies":[{"name":"wp","href":"https:\/\/api.w.org\/{rel}","templated":true}]}}